{"id":9874,"date":"2025-02-04T12:54:26","date_gmt":"2025-02-04T11:54:26","guid":{"rendered":"https:\/\/altosekura.com\/?post_type=product&#038;p=9874"},"modified":"2026-01-29T15:04:12","modified_gmt":"2026-01-29T14:04:12","slug":"reactor-140-flex-y-85-2-x-k408tr-k4241tr","status":"publish","type":"product","link":"https:\/\/altosekura.com\/pl\/p\/reactor-140-flex-y-85-2-x-k408tr-k4241tr\/","title":{"rendered":"Reactor 140 FLEX \u2018\u2019Y\u201d 85 + 2 x K408TR + K4241TR"},"content":{"rendered":"<p>Podw\u00f3jna linka bezpiecze\u0144stwa w sk\u0142ad zestawu wchodz\u0105:<\/p>\n<ul>\n<li>1 szt. Amortyzator Reactor 140 FLEX \u201cY\u201d 85 cm<\/li>\n<\/ul>\n<p>Lekka lon\u017ca zabezpieczaj\u0105ca przed upadkiem podczas pracy na dachach, kominach i wysokich konstrukcjach.<\/p>\n<p>Lon\u017ca Reactor 140 Flex Y 85 cm ma praktyczny kszta\u0142t i niewiele wa\u017cy, dzi\u0119ki czemu znacznie u\u0142atwi Ci prac\u0119, nie ograniczaj\u0105c swobody ruch\u00f3w. Ramiona w kszta\u0142cie litery \u201eY\u201d s\u0105 elastyczne, a dzi\u0119ki odpowiedniej konstrukcji z o-ringami z lekkiego stopu mo\u017cna skr\u00f3ci\u0107 je do po\u0142owy d\u0142ugo\u015bci. Model przeznaczony jest dla os\u00f3b o maksymalnej wadze do 140 kg, \u0142\u0105cznie ze sprz\u0119tem. Takie obci\u0105\u017cenie rozrywa absorber energii na d\u0142ugo\u015b\u0107 175 cm. Pokrowiec na absorber wyposa\u017cony jest w zamek b\u0142yskawiczny, kt\u00f3ry u\u0142atwia sprawdzenie jego stanu. Wykonano go z czarnej, syntetycznej gumy oraz materia\u0142u Cordura z poliuretanow\u0105 pow\u0142ok\u0105. Kontrola b\u0119dzie intuicyjna, dzi\u0119ki pomara\u0144czowemu wska\u017anikowi aktywacji.<\/p>\n<p>Pami\u0119taj, aby przed ka\u017cdym u\u017cyciem lon\u017cy sprawdzi\u0107 stan absorbera. Po rozerwaniu nie wykazuje on ju\u017c swoich w\u0142a\u015bciwo\u015bci, zawsze zwracaj wi\u0119c uwag\u0119 na wska\u017anik aktywacji. Przed rozpocz\u0119ciem pracy skontroluj r\u00f3wnie\u017c wszystkie po\u0142\u0105czenia. Podw\u00f3jna linka bezpiecze\u0144stwa nie mo\u017ce by\u0107 przed\u0142u\u017cana dodatkowymi ta\u015bmami.<\/p>\n<ul>\n<li>2 szt. Karabinki D Steel produkcji Singing Rock z zabezpieczeniem Triple-lock i zamkiem Keylock. Ocynkowane.<\/li>\n<\/ul>\n<table class=\"woocommerce-product-attributes shop_attributes\">\n<tbody>\n<tr class=\"woocommerce-product-attributes-item woocommerce-product-attributes-item--attribute_pa_wytrzymalosc-otwarty-zamek\">\n<th class=\"woocommerce-product-attributes-item__label\"><span class=\"wd-attr-name\">Wytrzyma\u0142o\u015b\u0107 &#8211; otwarty zamek<\/span><\/th>\n<td class=\"woocommerce-product-attributes-item__value\">20 kN<\/td>\n<\/tr>\n<tr class=\"woocommerce-product-attributes-item woocommerce-product-attributes-item--attribute_pa_wytrzymalosc-os-podluzna\">\n<th class=\"woocommerce-product-attributes-item__label\"><span class=\"wd-attr-name\">Wytrzyma\u0142o\u015b\u0107 &#8211; o\u015b pod\u0142u\u017cna<\/span><\/th>\n<td class=\"woocommerce-product-attributes-item__value\">50 kN<\/td>\n<\/tr>\n<tr class=\"woocommerce-product-attributes-item woocommerce-product-attributes-item--attribute_pa_wytrzymalosc-os-poprzeczna\">\n<th class=\"woocommerce-product-attributes-item__label\"><span class=\"wd-attr-name\">Wytrzyma\u0142o\u015b\u0107 &#8211; o\u015b poprzeczna<\/span><\/th>\n<td class=\"woocommerce-product-attributes-item__value\">13 kN<\/td>\n<\/tr>\n<tr class=\"woocommerce-product-attributes-item woocommerce-product-attributes-item--attribute_pa_przeswit\">\n<th class=\"woocommerce-product-attributes-item__label\"><span class=\"wd-attr-name\">Prze\u015bwit<\/span><\/th>\n<td class=\"woocommerce-product-attributes-item__value\">25 mm<\/td>\n<\/tr>\n<\/tbody>\n<\/table>\n<p>&nbsp;<\/p>\n<ul>\n<li>1 szt. Karabinek OVAL Steel produkcji Singing Rock z zabezpieczeniem Triple-lock i zamkiem Keylock. Ocynkowany.<\/li>\n<\/ul>\n<table class=\"woocommerce-product-attributes shop_attributes\">\n<tbody>\n<tr class=\"woocommerce-product-attributes-item woocommerce-product-attributes-item--attribute_pa_wytrzymalosc-otwarty-zamek\">\n<th class=\"woocommerce-product-attributes-item__label\"><span class=\"wd-attr-name\">Wytrzyma\u0142o\u015b\u0107 &#8211; otwarty zamek<\/span><\/th>\n<td class=\"woocommerce-product-attributes-item__value\">8 kN<\/td>\n<\/tr>\n<tr class=\"woocommerce-product-attributes-item woocommerce-product-attributes-item--attribute_pa_wytrzymalosc-os-podluzna\">\n<th class=\"woocommerce-product-attributes-item__label\"><span class=\"wd-attr-name\">Wytrzyma\u0142o\u015b\u0107 &#8211; o\u015b pod\u0142u\u017cna<\/span><\/th>\n<td class=\"woocommerce-product-attributes-item__value\">30 kN<\/td>\n<\/tr>\n<tr class=\"woocommerce-product-attributes-item woocommerce-product-attributes-item--attribute_pa_wytrzymalosc-os-poprzeczna\">\n<th class=\"woocommerce-product-attributes-item__label\"><span class=\"wd-attr-name\">Wytrzyma\u0142o\u015b\u0107 &#8211; o\u015b poprzeczna<\/span><\/th>\n<td class=\"woocommerce-product-attributes-item__value\">9 kN<\/td>\n<\/tr>\n<tr class=\"woocommerce-product-attributes-item woocommerce-product-attributes-item--attribute_pa_przeswit\">\n<th class=\"woocommerce-product-attributes-item__label\"><span class=\"wd-attr-name\">Prze\u015bwit<\/span><\/th>\n<td class=\"woocommerce-product-attributes-item__value\">18 mm<\/td>\n<\/tr>\n<\/tbody>\n<\/table>\n","protected":false},"excerpt":{"rendered":"<p style=\"text-align: center;\">Zestaw zawiera:<\/p>\n<p style=\"text-align: center;\">1 szt. Reactor 140 FLEX \u201cY\u201d 85 cm<\/p>\n<p style=\"text-align: center;\">2 szt. D Steel Triple-lock<\/p>\n<p style=\"text-align: center;\">1 szt. OVAL Steel Triple-lock<\/p>\n","protected":false},"featured_media":11238,"template":"","meta":[],"product_brand":[],"product_cat":[85],"product_tag":[],"class_list":{"0":"post-9874","1":"product","2":"type-product","3":"status-publish","4":"has-post-thumbnail","6":"product_cat-amortyzatory","7":"pa_marka-singing-rock","8":"pa_norma-ce-1019","9":"pa_norma-en-355","10":"pa_norma-en-362","12":"first","13":"instock","14":"taxable","15":"shipping-taxable","16":"purchasable","17":"product-type-simple"},"_links":{"self":[{"href":"https:\/\/altosekura.com\/pl\/wp-json\/wp\/v2\/product\/9874","targetHints":{"allow":["GET"]}}],"collection":[{"href":"https:\/\/altosekura.com\/pl\/wp-json\/wp\/v2\/product"}],"about":[{"href":"https:\/\/altosekura.com\/pl\/wp-json\/wp\/v2\/types\/product"}],"wp:featuredmedia":[{"embeddable":true,"href":"https:\/\/altosekura.com\/pl\/wp-json\/wp\/v2\/media\/11238"}],"wp:attachment":[{"href":"https:\/\/altosekura.com\/pl\/wp-json\/wp\/v2\/media?parent=9874"}],"wp:term":[{"taxonomy":"product_brand","embeddable":true,"href":"https:\/\/altosekura.com\/pl\/wp-json\/wp\/v2\/product_brand?post=9874"},{"taxonomy":"product_cat","embeddable":true,"href":"https:\/\/altosekura.com\/pl\/wp-json\/wp\/v2\/product_cat?post=9874"},{"taxonomy":"product_tag","embeddable":true,"href":"https:\/\/altosekura.com\/pl\/wp-json\/wp\/v2\/product_tag?post=9874"}],"curies":[{"name":"wp","href":"https:\/\/api.w.org\/{rel}","templated":true}]}}