{"id":987,"date":"2024-06-28T13:23:20","date_gmt":"2024-06-28T11:23:20","guid":{"rendered":"https:\/\/altosecura.proadax-dev.pl\/p\/worek-transportowy-ax011\/"},"modified":"2026-04-18T16:05:21","modified_gmt":"2026-04-18T14:05:21","slug":"worek-transportowy-ax011","status":"publish","type":"product","link":"https:\/\/altosekura.com\/pl\/p\/worek-transportowy-ax011\/","title":{"rendered":"Worek transportowy AX011"},"content":{"rendered":"<p>Worek transportowy ze wzmocnionego PCV. Wyposa\u017cony w\u00a0regulowane pasy ramienne oraz szeroki otw\u00f3r ze \u015bci\u0105gaczem. Rozmiary 30 x 30 x 60 cm.<\/p>\n","protected":false},"excerpt":{"rendered":"<p>Worek transportowy ze wzmocnionego PCV. Wyposa\u017cony w\u00a0regulowane pasy ramienne oraz szeroki otw\u00f3r ze \u015bci\u0105gaczem. Rozmiary 30 x 30 x 60<\/p>\n","protected":false},"featured_media":988,"template":"","meta":[],"product_brand":[],"product_cat":[79],"product_tag":[],"class_list":{"0":"post-987","1":"product","2":"type-product","3":"status-publish","4":"has-post-thumbnail","6":"product_cat-akcesoria","7":"pa_kolor-mix","8":"pa_marka-protekt","9":"pa_pojemnosc-42-l","11":"first","12":"instock","13":"taxable","14":"shipping-taxable","15":"purchasable","16":"product-type-simple"},"_links":{"self":[{"href":"https:\/\/altosekura.com\/pl\/wp-json\/wp\/v2\/product\/987","targetHints":{"allow":["GET"]}}],"collection":[{"href":"https:\/\/altosekura.com\/pl\/wp-json\/wp\/v2\/product"}],"about":[{"href":"https:\/\/altosekura.com\/pl\/wp-json\/wp\/v2\/types\/product"}],"wp:featuredmedia":[{"embeddable":true,"href":"https:\/\/altosekura.com\/pl\/wp-json\/wp\/v2\/media\/988"}],"wp:attachment":[{"href":"https:\/\/altosekura.com\/pl\/wp-json\/wp\/v2\/media?parent=987"}],"wp:term":[{"taxonomy":"product_brand","embeddable":true,"href":"https:\/\/altosekura.com\/pl\/wp-json\/wp\/v2\/product_brand?post=987"},{"taxonomy":"product_cat","embeddable":true,"href":"https:\/\/altosekura.com\/pl\/wp-json\/wp\/v2\/product_cat?post=987"},{"taxonomy":"product_tag","embeddable":true,"href":"https:\/\/altosekura.com\/pl\/wp-json\/wp\/v2\/product_tag?post=987"}],"curies":[{"name":"wp","href":"https:\/\/api.w.org\/{rel}","templated":true}]}}