{"id":98,"date":"2024-07-04T21:39:46","date_gmt":"2024-07-04T19:39:46","guid":{"rendered":"https:\/\/altosecura.proadax-dev.pl\/?post_type=product&#038;p=98"},"modified":"2026-03-10T15:59:15","modified_gmt":"2026-03-10T14:59:15","slug":"build-master-pro","status":"publish","type":"product","link":"https:\/\/altosekura.com\/pl\/p\/build-master-pro\/","title":{"rendered":"Build Master Pro"},"content":{"rendered":"<p><img loading=\"lazy\" decoding=\"async\" class=\"wp-image-4339 aligncenter\" src=\"https:\/\/altosekura.com\/wp-content\/uploads\/2024\/04\/Patent-2.png\" alt=\"\" width=\"150\" height=\"102\" srcset=\"https:\/\/altosekura.com\/wp-content\/uploads\/2024\/04\/Patent-2.png 2510w, https:\/\/altosekura.com\/wp-content\/uploads\/2024\/04\/Patent-2-300x205.png 300w, https:\/\/altosekura.com\/wp-content\/uploads\/2024\/04\/Patent-2-1024x698.png 1024w, https:\/\/altosekura.com\/wp-content\/uploads\/2024\/04\/Patent-2-768x524.png 768w, https:\/\/altosekura.com\/wp-content\/uploads\/2024\/04\/Patent-2-1536x1047.png 1536w, https:\/\/altosekura.com\/wp-content\/uploads\/2024\/04\/Patent-2-2048x1396.png 2048w, https:\/\/altosekura.com\/wp-content\/uploads\/2024\/04\/Patent-2-1320x900.png 1320w, https:\/\/altosekura.com\/wp-content\/uploads\/2024\/04\/Patent-2-600x409.png 600w, https:\/\/altosekura.com\/wp-content\/uploads\/2024\/04\/Patent-2-100x68.png 100w\" sizes=\"auto, (max-width: 150px) 100vw, 150px\" \/>Uprz\u0105\u017c Build Master Pro zosta\u0142a opracowana zgodnie z wymaganiami normy EN 361 I EN 1497.<\/p>\n<p>Uprz\u0105\u017c sk\u0142ada si\u0119 z cz\u0119\u015bci piersiowej i biodrowej, kt\u00f3re mog\u0105 by\u0107 od siebie od\u0142\u0105czane by u\u0142atwi\u0107 zak\u0142adanie uprz\u0119\u017cy na u\u017cytkownika. Roz\u0142\u0105czanie cz\u0119\u015bci g\u00f3rnej i dolnej odbywa si\u0119 za pomoc\u0105 wygodnych zatrzask\u00f3w typu SPEED. Rozdzielenie cz\u0119\u015bci g\u00f3rnej i dolnej umo\u017cliwia po\u0142\u0105czenie uprz\u0119\u017cy z elementami ubioru roboczego i niezale\u017cne zak\u0142adanie cz\u0119\u015bci uprz\u0119\u017cy na u\u017cytkownika.<\/p>\n<p>Uprz\u0105\u017c posiada dwa punkty asekuracyjne: punkt piersiowy wykonany z ta\u015bmy oraz grzbietowy ze stalowym D-Ringiem, a tak\u017ce punkt do ewakuacji.<\/p>\n<p>Po prawej i lewej stronie biodrowej cz\u0119\u015bci uprz\u0119\u017cy wszyte zosta\u0142y p\u0119tle do tymczasowego wpinania\u00a0 osprz\u0119tu tzw. szpejarki.<\/p>\n<p>Niska masa uprz\u0119\u017cy oraz wyj\u0105tkowy uk\u0142ad pas\u00f3w cze\u015bci piersiowej poprawiaj\u0105 komfort uzytkownika umo\u017cliwiaj\u0105c prac\u0119 w uprz\u0119\u017cy przez d\u0142ugi czas.<\/p>\n<p>Uprz\u0105\u017c Build Master Pro jest wyposa\u017cona w ta\u015bmy rzep s\u0142u\u017c\u0105ce do po\u0142\u0105czenia z kamizelk\u0105 odblaskow\u0105.<\/p>\n<p><img loading=\"lazy\" decoding=\"async\" class=\"aligncenter wp-image-4281 size-full\" src=\"https:\/\/altosekura.com\/wp-content\/uploads\/2024\/04\/Build-master-kamizelka.png\" alt=\"\" width=\"921\" height=\"552\" srcset=\"https:\/\/altosekura.com\/wp-content\/uploads\/2024\/04\/Build-master-kamizelka.png 921w, https:\/\/altosekura.com\/wp-content\/uploads\/2024\/04\/Build-master-kamizelka-300x180.png 300w, https:\/\/altosekura.com\/wp-content\/uploads\/2024\/04\/Build-master-kamizelka-768x460.png 768w, https:\/\/altosekura.com\/wp-content\/uploads\/2024\/04\/Build-master-kamizelka-600x360.png 600w, https:\/\/altosekura.com\/wp-content\/uploads\/2024\/04\/Build-master-kamizelka-100x60.png 100w\" sizes=\"auto, (max-width: 921px) 100vw, 921px\" \/><\/p>\n<p style=\"text-align: center;\">W uprz\u0105\u017c Build Master Pro wszyte zosta\u0142y ta\u015bmy rzep pozwalaj\u0105ce na \u0142\u0105czenie uprz\u0119\u017cy np. z kamizelk\u0105 odblaskow\u0105.<\/p>\n<p><img loading=\"lazy\" decoding=\"async\" class=\"aligncenter wp-image-4284 size-full\" src=\"https:\/\/altosekura.com\/wp-content\/uploads\/2024\/04\/Build-master-opis.png\" alt=\"\" width=\"1136\" height=\"669\" srcset=\"https:\/\/altosekura.com\/wp-content\/uploads\/2024\/04\/Build-master-opis.png 1136w, https:\/\/altosekura.com\/wp-content\/uploads\/2024\/04\/Build-master-opis-300x177.png 300w, https:\/\/altosekura.com\/wp-content\/uploads\/2024\/04\/Build-master-opis-1024x603.png 1024w, https:\/\/altosekura.com\/wp-content\/uploads\/2024\/04\/Build-master-opis-768x452.png 768w, https:\/\/altosekura.com\/wp-content\/uploads\/2024\/04\/Build-master-opis-600x353.png 600w, https:\/\/altosekura.com\/wp-content\/uploads\/2024\/04\/Build-master-opis-100x59.png 100w\" sizes=\"auto, (max-width: 1136px) 100vw, 1136px\" \/><\/p>\n","protected":false},"excerpt":{"rendered":"<p>Uprz\u0105\u017c Build Master Pro zosta\u0142a opracowana zgodnie z wymaganiami normy EN 361 I EN 1497. Uprz\u0105\u017c sk\u0142ada si\u0119 z cz\u0119\u015bci<\/p>\n","protected":false},"featured_media":10387,"template":"","meta":[],"product_brand":[],"product_cat":[82],"product_tag":[],"class_list":{"0":"post-98","1":"product","2":"type-product","3":"status-publish","4":"has-post-thumbnail","6":"product_cat-uprzeze-szelki-bezpieczenstwa","7":"pa_marka-rock-master","8":"pa_norma-en-1497","9":"pa_norma-en-361","10":"pa_rozmiar-l","11":"pa_rozmiar-m","12":"pa_rozmiar-ml","13":"pa_rozmiar-s","14":"pa_rozmiar-xl","16":"first","17":"instock","18":"taxable","19":"shipping-taxable","20":"purchasable","21":"product-type-variable","22":"has-default-attributes"},"_links":{"self":[{"href":"https:\/\/altosekura.com\/pl\/wp-json\/wp\/v2\/product\/98","targetHints":{"allow":["GET"]}}],"collection":[{"href":"https:\/\/altosekura.com\/pl\/wp-json\/wp\/v2\/product"}],"about":[{"href":"https:\/\/altosekura.com\/pl\/wp-json\/wp\/v2\/types\/product"}],"wp:featuredmedia":[{"embeddable":true,"href":"https:\/\/altosekura.com\/pl\/wp-json\/wp\/v2\/media\/10387"}],"wp:attachment":[{"href":"https:\/\/altosekura.com\/pl\/wp-json\/wp\/v2\/media?parent=98"}],"wp:term":[{"taxonomy":"product_brand","embeddable":true,"href":"https:\/\/altosekura.com\/pl\/wp-json\/wp\/v2\/product_brand?post=98"},{"taxonomy":"product_cat","embeddable":true,"href":"https:\/\/altosekura.com\/pl\/wp-json\/wp\/v2\/product_cat?post=98"},{"taxonomy":"product_tag","embeddable":true,"href":"https:\/\/altosekura.com\/pl\/wp-json\/wp\/v2\/product_tag?post=98"}],"curies":[{"name":"wp","href":"https:\/\/api.w.org\/{rel}","templated":true}]}}