{"id":973,"date":"2024-05-14T13:23:01","date_gmt":"2024-05-14T11:23:01","guid":{"rendered":"https:\/\/altosecura.proadax-dev.pl\/p\/alf-bez-liny\/"},"modified":"2025-07-11T10:44:40","modified_gmt":"2025-07-11T08:44:40","slug":"alf-bez-liny","status":"publish","type":"product","link":"https:\/\/altosekura.com\/pl\/p\/alf-bez-liny\/","title":{"rendered":"ALF"},"content":{"rendered":"<p>Alf to innowacyjne urz\u0105dzenie samohamowne do u\u017cytku sportowego, rekreacyjnego, jak i pracy na wysoko\u015bci. Mo\u017ce by\u0107 stosowane w dw\u00f3ch kierunkach, blokuj\u0105c wpi\u0119t\u0105 lin\u0119 w przypadku upadku. Element zaciskowy zosta\u0142 zaprojektowany w taki spos\u00f3b, aby zapewnia\u0107 maksymalne bezpiecze\u0144stwo podczas wspinaczki, czy wchodzeniu po drabinie. Obudowa wykonana zosta\u0142a z anodowanego aluminium, dzi\u0119ki czemu jest niezwykle trwa\u0142e i wytrzyma\u0142e. Alf sprawdzi si\u0119 zar\u00f3wno podczas sportowej wspinaczki, rekreacji w parku linowym, jak i zabezpieczaj\u0105c pracownika podczas zaj\u0119\u0107 wysoko\u015bciowych. Kompatybilny z linami statycznymi 11 mm. Zgodno\u015b\u0107 z norm\u0105: EN 360<\/p>\n","protected":false},"excerpt":{"rendered":"<p>Alf to innowacyjne urz\u0105dzenie samohamowne do u\u017cytku sportowego, rekreacyjnego, jak i pracy na wysoko\u015bci. Mo\u017ce by\u0107 stosowane w dw\u00f3ch kierunkach,<\/p>\n","protected":false},"featured_media":10468,"template":"","meta":[],"product_brand":[],"product_cat":[98],"product_tag":[],"class_list":{"0":"post-973","1":"product","2":"type-product","3":"status-publish","4":"has-post-thumbnail","6":"product_cat-urzadzenia-ratownicze","7":"pa_kolor-fioletowy","8":"pa_marka-isc","9":"pa_norma-en-360","11":"first","12":"onbackorder","13":"taxable","14":"shipping-taxable","15":"purchasable","16":"product-type-variable"},"_links":{"self":[{"href":"https:\/\/altosekura.com\/pl\/wp-json\/wp\/v2\/product\/973","targetHints":{"allow":["GET"]}}],"collection":[{"href":"https:\/\/altosekura.com\/pl\/wp-json\/wp\/v2\/product"}],"about":[{"href":"https:\/\/altosekura.com\/pl\/wp-json\/wp\/v2\/types\/product"}],"wp:featuredmedia":[{"embeddable":true,"href":"https:\/\/altosekura.com\/pl\/wp-json\/wp\/v2\/media\/10468"}],"wp:attachment":[{"href":"https:\/\/altosekura.com\/pl\/wp-json\/wp\/v2\/media?parent=973"}],"wp:term":[{"taxonomy":"product_brand","embeddable":true,"href":"https:\/\/altosekura.com\/pl\/wp-json\/wp\/v2\/product_brand?post=973"},{"taxonomy":"product_cat","embeddable":true,"href":"https:\/\/altosekura.com\/pl\/wp-json\/wp\/v2\/product_cat?post=973"},{"taxonomy":"product_tag","embeddable":true,"href":"https:\/\/altosekura.com\/pl\/wp-json\/wp\/v2\/product_tag?post=973"}],"curies":[{"name":"wp","href":"https:\/\/api.w.org\/{rel}","templated":true}]}}