{"id":946,"date":"2024-06-27T13:23:01","date_gmt":"2024-06-27T11:23:01","guid":{"rendered":"https:\/\/altosecura.proadax-dev.pl\/p\/grillon\/"},"modified":"2026-04-18T16:05:17","modified_gmt":"2026-04-18T14:05:17","slug":"grillon","status":"publish","type":"product","link":"https:\/\/altosekura.com\/pl\/p\/grillon\/","title":{"rendered":"GRILLON 2 m"},"content":{"rendered":"<p>Grillon to rewalacyjna, regulowana lon\u017ca pozycjonuj\u0105ca i stabilizuj\u0105ca produkcji Singing Rock. Grillon dzi\u0119ki swojej wyj\u0105tkowej konstrukcji pozwala na wygodn\u0105 prac\u0119 zar\u00f3wno na pochy\u0142ych dachach, konstrukcjach stalowych, kratownicach, jak r\u00f3wnie\u017c mo\u017ce by\u0107 efektywnie wykorzystywany podczas przemieszczania si\u0119 technik\u0105 hakow\u0105. Lon\u017ce szczeg\u00f3lnie doceni\u0105 pracownicy wysoko\u015bciowi, technicy dost\u0119pu linowego oraz ratownicy. Wersja z ramieniem umo\u017cliwiaj\u0105cym wpinanie wybranych, stosownych karabink\u00f3w, hak\u00f3w\u00a0<span class=\"caps\">MGO<\/span>. Zgodno\u015b\u0107 z norm\u0105:\u00a0CE EN 358, CE EN 12841 type C,\u00a0<span class=\"caps\">ANSI<\/span>\u00a0Z359.3,\u00a0<span class=\"caps\">CSA<\/span>\u00a0Z259.11,\u00a0<span class=\"caps\">EAC<\/span><\/p>\n","protected":false},"excerpt":{"rendered":"<p>Grillon to rewalacyjna, regulowana lon\u017ca pozycjonuj\u0105ca i stabilizuj\u0105ca produkcji Singing Rock. Grillon dzi\u0119ki swojej wyj\u0105tkowej konstrukcji pozwala na wygodn\u0105 prac\u0119<\/p>\n","protected":false},"featured_media":947,"template":"","meta":[],"product_brand":[],"product_cat":[87],"product_tag":[],"class_list":{"0":"post-946","1":"product","2":"type-product","3":"status-publish","4":"has-post-thumbnail","6":"product_cat-linki-opasujace","7":"pa_marka-petzl","8":"pa_norma-ansi-z359-3","9":"pa_norma-ce-en-12841-typ-c","10":"pa_norma-ce-en358","11":"pa_norma-csa-z259-11","12":"pa_norma-eac","13":"pa_norma-en-795-typu-b","15":"first","16":"instock","17":"taxable","18":"shipping-taxable","19":"purchasable","20":"product-type-simple"},"_links":{"self":[{"href":"https:\/\/altosekura.com\/pl\/wp-json\/wp\/v2\/product\/946","targetHints":{"allow":["GET"]}}],"collection":[{"href":"https:\/\/altosekura.com\/pl\/wp-json\/wp\/v2\/product"}],"about":[{"href":"https:\/\/altosekura.com\/pl\/wp-json\/wp\/v2\/types\/product"}],"wp:featuredmedia":[{"embeddable":true,"href":"https:\/\/altosekura.com\/pl\/wp-json\/wp\/v2\/media\/947"}],"wp:attachment":[{"href":"https:\/\/altosekura.com\/pl\/wp-json\/wp\/v2\/media?parent=946"}],"wp:term":[{"taxonomy":"product_brand","embeddable":true,"href":"https:\/\/altosekura.com\/pl\/wp-json\/wp\/v2\/product_brand?post=946"},{"taxonomy":"product_cat","embeddable":true,"href":"https:\/\/altosekura.com\/pl\/wp-json\/wp\/v2\/product_cat?post=946"},{"taxonomy":"product_tag","embeddable":true,"href":"https:\/\/altosekura.com\/pl\/wp-json\/wp\/v2\/product_tag?post=946"}],"curies":[{"name":"wp","href":"https:\/\/api.w.org\/{rel}","templated":true}]}}