{"id":944,"date":"2024-06-28T13:23:01","date_gmt":"2024-06-28T11:23:01","guid":{"rendered":"https:\/\/altosecura.proadax-dev.pl\/p\/site-lanyard\/"},"modified":"2026-03-10T15:59:11","modified_gmt":"2026-03-10T14:59:11","slug":"site-lanyard","status":"publish","type":"product","link":"https:\/\/altosekura.com\/pl\/p\/site-lanyard\/","title":{"rendered":"SITE LANYARD 2 m"},"content":{"rendered":"<p>Lon\u017ca dedykowana do urz\u0105dzenia LOCKER zgodnie z EN 353\u20132 i EN 358 produkcji Singing Rock. Po wpi\u0119ciu urz\u0105dzenia do autoasekuracji spe\u0142nia rol\u0119 przy pozycjonowaniu pracy w podparciu.<\/p>\n","protected":false},"excerpt":{"rendered":"<p>Lon\u017ca dedykowana do urz\u0105dzenia LOCKER zgodnie z EN 353\u20132 i EN 358 produkcji Singing Rock. Po wpi\u0119ciu urz\u0105dzenia do autoasekuracji<\/p>\n","protected":false},"featured_media":945,"template":"","meta":[],"product_brand":[],"product_cat":[87],"product_tag":[],"class_list":{"0":"post-944","1":"product","2":"type-product","3":"status-publish","4":"has-post-thumbnail","6":"product_cat-linki-opasujace","7":"pa_marka-singing-rock","8":"pa_norma-en-353-2","9":"pa_norma-en-358","11":"first","12":"instock","13":"taxable","14":"shipping-taxable","15":"purchasable","16":"product-type-simple"},"_links":{"self":[{"href":"https:\/\/altosekura.com\/pl\/wp-json\/wp\/v2\/product\/944","targetHints":{"allow":["GET"]}}],"collection":[{"href":"https:\/\/altosekura.com\/pl\/wp-json\/wp\/v2\/product"}],"about":[{"href":"https:\/\/altosekura.com\/pl\/wp-json\/wp\/v2\/types\/product"}],"wp:featuredmedia":[{"embeddable":true,"href":"https:\/\/altosekura.com\/pl\/wp-json\/wp\/v2\/media\/945"}],"wp:attachment":[{"href":"https:\/\/altosekura.com\/pl\/wp-json\/wp\/v2\/media?parent=944"}],"wp:term":[{"taxonomy":"product_brand","embeddable":true,"href":"https:\/\/altosekura.com\/pl\/wp-json\/wp\/v2\/product_brand?post=944"},{"taxonomy":"product_cat","embeddable":true,"href":"https:\/\/altosekura.com\/pl\/wp-json\/wp\/v2\/product_cat?post=944"},{"taxonomy":"product_tag","embeddable":true,"href":"https:\/\/altosekura.com\/pl\/wp-json\/wp\/v2\/product_tag?post=944"}],"curies":[{"name":"wp","href":"https:\/\/api.w.org\/{rel}","templated":true}]}}