{"id":938,"date":"2024-06-30T13:22:46","date_gmt":"2024-06-30T11:22:46","guid":{"rendered":"https:\/\/altosecura.proadax-dev.pl\/p\/site-2-m\/"},"modified":"2026-03-10T15:59:11","modified_gmt":"2026-03-10T14:59:11","slug":"site","status":"publish","type":"product","link":"https:\/\/altosekura.com\/pl\/p\/site\/","title":{"rendered":"SITE"},"content":{"rendered":"<p>Lon\u017ca do pozycjonowania podczas pracy w podparciu produkcji Singing Rock, zapewnia bezpiecze\u0144stwo i komfort pracy. Wykonana z liny \u00d8 11 mm oraz z nieotwieran\u0105 wersj\u0105 autoasekuracyjnego przyrz\u0105du LOCKER. Lon\u017ca posiada os\u0142on\u0119 na newralgicznym, najcz\u0119\u015bciej u\u017cywanym odcinku liny, by podnie\u015b\u0107 bezpiecze\u0144stwo u\u017cywania. Regulowane przy pomocy krzywki zastosowanie sposobu u\u017cycia przyrz\u0105du. Dost\u0119pna wersja z zainstalowanym na sta\u0142e karabinkiem K370, zgodnie z norm\u0105 EN 362. Zgodno\u015b\u0107 z norm\u0105: CE 1019, EN 358, EN 353\u20132<\/p>\n","protected":false},"excerpt":{"rendered":"<p>Lon\u017ca do pozycjonowania podczas pracy w podparciu produkcji Singing Rock, zapewnia bezpiecze\u0144stwo i komfort pracy. Wykonana z liny \u00d8 11<\/p>\n","protected":false},"featured_media":939,"template":"","meta":[],"product_brand":[],"product_cat":[87],"product_tag":[],"class_list":{"0":"post-938","1":"product","2":"type-product","3":"status-publish","4":"has-post-thumbnail","6":"product_cat-linki-opasujace","7":"pa_marka-singing-rock","8":"pa_norma-ce-1019","9":"pa_norma-en-353-2","10":"pa_norma-en-358","12":"first","13":"instock","14":"taxable","15":"shipping-taxable","16":"product-type-variable"},"_links":{"self":[{"href":"https:\/\/altosekura.com\/pl\/wp-json\/wp\/v2\/product\/938","targetHints":{"allow":["GET"]}}],"collection":[{"href":"https:\/\/altosekura.com\/pl\/wp-json\/wp\/v2\/product"}],"about":[{"href":"https:\/\/altosekura.com\/pl\/wp-json\/wp\/v2\/types\/product"}],"wp:featuredmedia":[{"embeddable":true,"href":"https:\/\/altosekura.com\/pl\/wp-json\/wp\/v2\/media\/939"}],"wp:attachment":[{"href":"https:\/\/altosekura.com\/pl\/wp-json\/wp\/v2\/media?parent=938"}],"wp:term":[{"taxonomy":"product_brand","embeddable":true,"href":"https:\/\/altosekura.com\/pl\/wp-json\/wp\/v2\/product_brand?post=938"},{"taxonomy":"product_cat","embeddable":true,"href":"https:\/\/altosekura.com\/pl\/wp-json\/wp\/v2\/product_cat?post=938"},{"taxonomy":"product_tag","embeddable":true,"href":"https:\/\/altosekura.com\/pl\/wp-json\/wp\/v2\/product_tag?post=938"}],"curies":[{"name":"wp","href":"https:\/\/api.w.org\/{rel}","templated":true}]}}