{"id":924,"date":"2024-06-26T13:22:46","date_gmt":"2024-06-26T11:22:46","guid":{"rendered":"https:\/\/altosecura.proadax-dev.pl\/p\/tikka\/"},"modified":"2026-03-10T15:59:05","modified_gmt":"2026-03-10T14:59:05","slug":"tikka","status":"publish","type":"product","link":"https:\/\/altosekura.com\/pl\/p\/tikka\/","title":{"rendered":"Latarka czo\u0142owa Petzl TIKKINA"},"content":{"rendered":"<p>Prosta i zwarta latarka czo\u0142owa TIKKA o jasno\u015bci 300 lumen\u00f3w oraz o szerokiej wi\u0105zce bliskiego zasi\u0119gu, umo\u017cliwiaj\u0105cej kr\u00f3tkie przemieszczanie si\u0119. Dzi\u0119ki d\u0142ugiemu czasowi \u015bwiecenia znajduje zastosowanie w aktywno\u015bciach outdoorowych jak biwakowanie, trekking, podr\u00f3\u017ce. Fosforyzuj\u0105cy reflektor umo\u017cliwia odnalezienie latarki w ciemno\u015bci, a czerwone \u015bwiat\u0142o nie o\u015blepia innych os\u00f3b.\u00a0 TIKKA jest dostarczana z trzema bateriami, jest te\u017c kompatybilna z akumulatorem CORE, dzi\u0119ki konstrukcji HYBRID CONCEPT. Latark\u0119 mo\u017cna za\u0142o\u017cy\u0107 na kask ka\u017cdego typu lub na rower przy u\u017cywaj\u0105c mocowa\u0144 dost\u0119pnych jako akcesoria. Moc: 300 lumen\u00f3w. Dost\u0119pna w r\u00f3\u017cnych kolorach.<\/p>\n","protected":false},"excerpt":{"rendered":"<p>Prosta i zwarta latarka czo\u0142owa TIKKA o jasno\u015bci 300 lumen\u00f3w oraz o szerokiej wi\u0105zce bliskiego zasi\u0119gu, umo\u017cliwiaj\u0105cej kr\u00f3tkie przemieszczanie si\u0119.<\/p>\n","protected":false},"featured_media":10751,"template":"","meta":[],"product_brand":[],"product_cat":[80],"product_tag":[],"class_list":{"0":"post-924","1":"product","2":"type-product","3":"status-publish","4":"has-post-thumbnail","6":"product_cat-oswietlenie","7":"pa_kolor-czarny","8":"pa_kolor-czerwony","9":"pa_kolor-niebieski","10":"pa_kolor-szary","11":"pa_kolor-zielony","12":"pa_marka-petzl","14":"first","15":"instock","16":"taxable","17":"shipping-taxable","18":"product-type-variable"},"_links":{"self":[{"href":"https:\/\/altosekura.com\/pl\/wp-json\/wp\/v2\/product\/924","targetHints":{"allow":["GET"]}}],"collection":[{"href":"https:\/\/altosekura.com\/pl\/wp-json\/wp\/v2\/product"}],"about":[{"href":"https:\/\/altosekura.com\/pl\/wp-json\/wp\/v2\/types\/product"}],"wp:featuredmedia":[{"embeddable":true,"href":"https:\/\/altosekura.com\/pl\/wp-json\/wp\/v2\/media\/10751"}],"wp:attachment":[{"href":"https:\/\/altosekura.com\/pl\/wp-json\/wp\/v2\/media?parent=924"}],"wp:term":[{"taxonomy":"product_brand","embeddable":true,"href":"https:\/\/altosekura.com\/pl\/wp-json\/wp\/v2\/product_brand?post=924"},{"taxonomy":"product_cat","embeddable":true,"href":"https:\/\/altosekura.com\/pl\/wp-json\/wp\/v2\/product_cat?post=924"},{"taxonomy":"product_tag","embeddable":true,"href":"https:\/\/altosekura.com\/pl\/wp-json\/wp\/v2\/product_tag?post=924"}],"curies":[{"name":"wp","href":"https:\/\/api.w.org\/{rel}","templated":true}]}}