{"id":922,"date":"2024-06-28T13:22:46","date_gmt":"2024-06-28T11:22:46","guid":{"rendered":"https:\/\/altosecura.proadax-dev.pl\/p\/twister-kretlik\/"},"modified":"2026-03-10T15:59:14","modified_gmt":"2026-03-10T14:59:14","slug":"twister-kretlik","status":"publish","type":"product","link":"https:\/\/altosekura.com\/pl\/p\/twister-kretlik\/","title":{"rendered":"TWISTER kr\u0119tlik"},"content":{"rendered":"<p>Kr\u0119tlik produkcji Singing Rock u\u0142atwiaj\u0105cy prac\u0119 z wszystkimi systemami transportu pionowego. Uniemo\u017cliwia skr\u0119canie si\u0119 lin transportowych, pozycjonuje element obci\u0105\u017cany w osi dzia\u0142ania si\u0142y. Obci\u0105\u017cenie robocze: 4 kN. Wytrzyma\u0142o\u015b\u0107: 22 kN. Zgodno\u015b\u0107 z norm\u0105: CE 0321, EN 354<\/p>\n","protected":false},"excerpt":{"rendered":"<p>Kr\u0119tlik produkcji Singing Rock u\u0142atwiaj\u0105cy prac\u0119 z wszystkimi systemami transportu pionowego. Uniemo\u017cliwia skr\u0119canie si\u0119 lin transportowych, pozycjonuje element obci\u0105\u017cany w<\/p>\n","protected":false},"featured_media":923,"template":"","meta":[],"product_brand":[],"product_cat":[94],"product_tag":[],"class_list":{"0":"post-922","1":"product","2":"type-product","3":"status-publish","4":"has-post-thumbnail","6":"product_cat-punkty-kotwiczace","7":"pa_kolor-antracyt-zolty","8":"pa_marka-singing-rock","9":"pa_norma-ce-0321","10":"pa_norma-en-354","11":"pa_wytrzymalosc-22-kn","13":"first","14":"instock","15":"taxable","16":"shipping-taxable","17":"purchasable","18":"product-type-simple"},"_links":{"self":[{"href":"https:\/\/altosekura.com\/pl\/wp-json\/wp\/v2\/product\/922","targetHints":{"allow":["GET"]}}],"collection":[{"href":"https:\/\/altosekura.com\/pl\/wp-json\/wp\/v2\/product"}],"about":[{"href":"https:\/\/altosekura.com\/pl\/wp-json\/wp\/v2\/types\/product"}],"wp:featuredmedia":[{"embeddable":true,"href":"https:\/\/altosekura.com\/pl\/wp-json\/wp\/v2\/media\/923"}],"wp:attachment":[{"href":"https:\/\/altosekura.com\/pl\/wp-json\/wp\/v2\/media?parent=922"}],"wp:term":[{"taxonomy":"product_brand","embeddable":true,"href":"https:\/\/altosekura.com\/pl\/wp-json\/wp\/v2\/product_brand?post=922"},{"taxonomy":"product_cat","embeddable":true,"href":"https:\/\/altosekura.com\/pl\/wp-json\/wp\/v2\/product_cat?post=922"},{"taxonomy":"product_tag","embeddable":true,"href":"https:\/\/altosekura.com\/pl\/wp-json\/wp\/v2\/product_tag?post=922"}],"curies":[{"name":"wp","href":"https:\/\/api.w.org\/{rel}","templated":true}]}}