{"id":918,"date":"2024-06-27T13:22:46","date_gmt":"2024-06-27T11:22:46","guid":{"rendered":"https:\/\/altosecura.proadax-dev.pl\/p\/toggle-lok-anchor\/"},"modified":"2026-03-10T15:59:14","modified_gmt":"2026-03-10T14:59:14","slug":"toggle-lok-anchor","status":"publish","type":"product","link":"https:\/\/altosekura.com\/pl\/p\/toggle-lok-anchor\/","title":{"rendered":"TOGGLE Lok Anchor"},"content":{"rendered":"<p>Toggle Lok Anchor to przeno\u015bne urz\u0105dzenie wielokrotnego u\u017cytku, kt\u00f3re mo\u017ce by\u0107 u\u017cywane jako cz\u0119\u015b\u0107 elastycznego systemu poziomej linii \u017cycia (dla maksymalnie dw\u00f3ch u\u017cytkownik\u00f3w) lub jako bezpo\u015brednie po\u0142\u0105czenie kotwicz\u0105ce (pojedynczy u\u017cytkownik). Toggle Lok mo\u017ce by\u0107 stosowany w prefabrykatach betonowych i na stalowych ko\u0142nierzach i mo\u017ce by\u0107 umieszczony na powierzchniach poziomych, pionowych i nad g\u0142ow\u0105. Wytrzyma\u0142o\u015b\u0107 22 kN. Zgodno\u015b\u0107 z norm\u0105: PN-EN 795 B<\/p>\n","protected":false},"excerpt":{"rendered":"<p>Toggle Lok Anchor to przeno\u015bne urz\u0105dzenie wielokrotnego u\u017cytku, kt\u00f3re mo\u017ce by\u0107 u\u017cywane jako cz\u0119\u015b\u0107 elastycznego systemu poziomej linii \u017cycia (dla<\/p>\n","protected":false},"featured_media":919,"template":"","meta":[],"product_brand":[],"product_cat":[94,99],"product_tag":[],"class_list":{"0":"post-918","1":"product","2":"type-product","3":"status-publish","4":"has-post-thumbnail","6":"product_cat-punkty-kotwiczace","7":"product_cat-wyprzedaz","8":"pa_marka-isc","9":"pa_norma-pn-en-795b","10":"pa_wytrzymalosc-22-kn","12":"first","13":"instock","14":"sale","15":"taxable","16":"shipping-taxable","17":"purchasable","18":"product-type-simple"},"_links":{"self":[{"href":"https:\/\/altosekura.com\/pl\/wp-json\/wp\/v2\/product\/918","targetHints":{"allow":["GET"]}}],"collection":[{"href":"https:\/\/altosekura.com\/pl\/wp-json\/wp\/v2\/product"}],"about":[{"href":"https:\/\/altosekura.com\/pl\/wp-json\/wp\/v2\/types\/product"}],"wp:featuredmedia":[{"embeddable":true,"href":"https:\/\/altosekura.com\/pl\/wp-json\/wp\/v2\/media\/919"}],"wp:attachment":[{"href":"https:\/\/altosekura.com\/pl\/wp-json\/wp\/v2\/media?parent=918"}],"wp:term":[{"taxonomy":"product_brand","embeddable":true,"href":"https:\/\/altosekura.com\/pl\/wp-json\/wp\/v2\/product_brand?post=918"},{"taxonomy":"product_cat","embeddable":true,"href":"https:\/\/altosekura.com\/pl\/wp-json\/wp\/v2\/product_cat?post=918"},{"taxonomy":"product_tag","embeddable":true,"href":"https:\/\/altosekura.com\/pl\/wp-json\/wp\/v2\/product_tag?post=918"}],"curies":[{"name":"wp","href":"https:\/\/api.w.org\/{rel}","templated":true}]}}