{"id":916,"date":"2024-06-30T13:22:46","date_gmt":"2024-06-30T11:22:46","guid":{"rendered":"https:\/\/altosecura.proadax-dev.pl\/p\/alu12\/"},"modified":"2026-03-10T15:58:56","modified_gmt":"2026-03-10T14:58:56","slug":"alu12","status":"publish","type":"product","link":"https:\/\/altosekura.com\/pl\/p\/alu12\/","title":{"rendered":"ALU12"},"content":{"rendered":"<p>ALU12 jest urz\u0105dzeniem kotwicz\u0105cym wykonanym ze stopu aluminiowego. Jest u\u017cywane do zapewnienia bezpiecze\u0144stwa na\u00a0 p\u0142aszczyznach dach\u00f3w i mo\u017ce by\u0107 przystosowane do ka\u017cdego rodzaju \u015brodowiska przemys\u0142owego i cywilnego. Nadaje si\u0119 do zastosowania zar\u00f3wno wewn\u0105trz jak i na zewn\u0105trz, w ka\u017cdym miejscu zagro\u017cenia. Zgodno\u015b\u0107 z norm\u0105: PN-EN 795 B<\/p>\n","protected":false},"excerpt":{"rendered":"<p>ALU12 jest urz\u0105dzeniem kotwicz\u0105cym wykonanym ze stopu aluminiowego. Jest u\u017cywane do zapewnienia bezpiecze\u0144stwa na\u00a0 p\u0142aszczyznach dach\u00f3w i mo\u017ce by\u0107 przystosowane<\/p>\n","protected":false},"featured_media":3859,"template":"","meta":[],"product_brand":[],"product_cat":[94,99],"product_tag":[],"class_list":{"0":"post-916","1":"product","2":"type-product","3":"status-publish","4":"has-post-thumbnail","6":"product_cat-punkty-kotwiczace","7":"product_cat-wyprzedaz","8":"pa_marka-genesi","9":"pa_norma-pn-en-795b","11":"first","12":"instock","13":"sale","14":"taxable","15":"shipping-taxable","16":"purchasable","17":"product-type-simple"},"_links":{"self":[{"href":"https:\/\/altosekura.com\/pl\/wp-json\/wp\/v2\/product\/916","targetHints":{"allow":["GET"]}}],"collection":[{"href":"https:\/\/altosekura.com\/pl\/wp-json\/wp\/v2\/product"}],"about":[{"href":"https:\/\/altosekura.com\/pl\/wp-json\/wp\/v2\/types\/product"}],"wp:featuredmedia":[{"embeddable":true,"href":"https:\/\/altosekura.com\/pl\/wp-json\/wp\/v2\/media\/3859"}],"wp:attachment":[{"href":"https:\/\/altosekura.com\/pl\/wp-json\/wp\/v2\/media?parent=916"}],"wp:term":[{"taxonomy":"product_brand","embeddable":true,"href":"https:\/\/altosekura.com\/pl\/wp-json\/wp\/v2\/product_brand?post=916"},{"taxonomy":"product_cat","embeddable":true,"href":"https:\/\/altosekura.com\/pl\/wp-json\/wp\/v2\/product_cat?post=916"},{"taxonomy":"product_tag","embeddable":true,"href":"https:\/\/altosekura.com\/pl\/wp-json\/wp\/v2\/product_tag?post=916"}],"curies":[{"name":"wp","href":"https:\/\/api.w.org\/{rel}","templated":true}]}}