{"id":905,"date":"2024-06-29T13:22:46","date_gmt":"2024-06-29T11:22:46","guid":{"rendered":"https:\/\/altosecura.proadax-dev.pl\/p\/hanger-plate\/"},"modified":"2026-03-10T15:59:04","modified_gmt":"2026-03-10T14:59:04","slug":"hanger-plate","status":"publish","type":"product","link":"https:\/\/altosekura.com\/pl\/p\/hanger-plate\/","title":{"rendered":"Hanger Plate 12 mm"},"content":{"rendered":"<p>Plakietka do kotw produkcji Singing Rock rozpr\u0119\u017cnych wykonana ze stali nierdzewnej do osadzania w skale jako sta\u0142y punkt asekuracyjny. Du\u017cy owalny otw\u00f3r do wpi\u0119cia jednego lub dw\u00f3ch karabink\u00f3w. Materia\u0142: stal o grubo\u015bci 3 mm. Wytrzyma\u0142o\u015b\u0107: 25 kN. Zgodno\u015b\u0107 z norm\u0105: CE 1019, EN 959, EN 795 Type B<\/p>\n","protected":false},"excerpt":{"rendered":"<p>Plakietka do kotw produkcji Singing Rock rozpr\u0119\u017cnych wykonana ze stali nierdzewnej do osadzania w skale jako sta\u0142y punkt asekuracyjny. Du\u017cy<\/p>\n","protected":false},"featured_media":906,"template":"","meta":[],"product_brand":[],"product_cat":[94],"product_tag":[],"class_list":{"0":"post-905","1":"product","2":"type-product","3":"status-publish","4":"has-post-thumbnail","6":"product_cat-punkty-kotwiczace","7":"pa_marka-singing-rock","8":"pa_norma-ce-1019","9":"pa_norma-en-795-type-b","10":"pa_norma-en-959","11":"pa_srednica-10-mm","12":"pa_wytrzymalosc-25-kn","14":"first","15":"instock","16":"taxable","17":"shipping-taxable","18":"purchasable","19":"product-type-simple"},"_links":{"self":[{"href":"https:\/\/altosekura.com\/pl\/wp-json\/wp\/v2\/product\/905","targetHints":{"allow":["GET"]}}],"collection":[{"href":"https:\/\/altosekura.com\/pl\/wp-json\/wp\/v2\/product"}],"about":[{"href":"https:\/\/altosekura.com\/pl\/wp-json\/wp\/v2\/types\/product"}],"wp:featuredmedia":[{"embeddable":true,"href":"https:\/\/altosekura.com\/pl\/wp-json\/wp\/v2\/media\/906"}],"wp:attachment":[{"href":"https:\/\/altosekura.com\/pl\/wp-json\/wp\/v2\/media?parent=905"}],"wp:term":[{"taxonomy":"product_brand","embeddable":true,"href":"https:\/\/altosekura.com\/pl\/wp-json\/wp\/v2\/product_brand?post=905"},{"taxonomy":"product_cat","embeddable":true,"href":"https:\/\/altosekura.com\/pl\/wp-json\/wp\/v2\/product_cat?post=905"},{"taxonomy":"product_tag","embeddable":true,"href":"https:\/\/altosekura.com\/pl\/wp-json\/wp\/v2\/product_tag?post=905"}],"curies":[{"name":"wp","href":"https:\/\/api.w.org\/{rel}","templated":true}]}}