{"id":901,"date":"2024-06-29T12:22:24","date_gmt":"2024-06-29T10:22:24","guid":{"rendered":"https:\/\/altosecura.proadax-dev.pl\/p\/rigging-plate-1-3\/"},"modified":"2026-03-10T15:59:10","modified_gmt":"2026-03-10T14:59:10","slug":"rigging-plate-1-3","status":"publish","type":"product","link":"https:\/\/altosekura.com\/pl\/p\/rigging-plate-1-3\/","title":{"rendered":"RIGGING PLATE 1\/3"},"content":{"rendered":"<p>P\u0142ytka stanowiskowa 1\/3 produkcji Singing Rock wykonana z lekkiego stopu aluminium do wpinania wielopunktowego element\u00f3w. Zapewnia komfort wpinania wielu karabink\u00f3w. Optymalizuje rozk\u0142ad si\u0142 podczas obci\u0105\u017cenia. Otwory do wpinania s\u0105 wyprofilowane, umo\u017cliwiaj\u0105 bezpo\u015brednie mocowanie lin i ta\u015bm roboczych. Centralny punkt mocowania mie\u015bci trzy karabinki. Przestrze\u0144 do wpinania umo\u017cliwia obracanie wi\u0119kszo\u015b\u0107 karabink\u00f3w zakr\u0119canych w osi pionowej bez wypinania. Materia\u0142: lekki stop Al. Wytrzyma\u0142o\u015b\u0107: 36 kN. Grubo\u015b\u0107: 6 mm<\/p>\n","protected":false},"excerpt":{"rendered":"<p>P\u0142ytka stanowiskowa 1\/3 produkcji Singing Rock wykonana z lekkiego stopu aluminium do wpinania wielopunktowego element\u00f3w. Zapewnia komfort wpinania wielu karabink\u00f3w.<\/p>\n","protected":false},"featured_media":902,"template":"","meta":[],"product_brand":[],"product_cat":[94,99],"product_tag":[],"class_list":{"0":"post-901","1":"product","2":"type-product","3":"status-publish","4":"has-post-thumbnail","6":"product_cat-punkty-kotwiczace","7":"product_cat-wyprzedaz","8":"pa_kolor-czarny","9":"pa_marka-singing-rock","10":"pa_wytrzymalosc-36-kn","12":"first","13":"instock","14":"sale","15":"taxable","16":"shipping-taxable","17":"purchasable","18":"product-type-simple"},"_links":{"self":[{"href":"https:\/\/altosekura.com\/pl\/wp-json\/wp\/v2\/product\/901","targetHints":{"allow":["GET"]}}],"collection":[{"href":"https:\/\/altosekura.com\/pl\/wp-json\/wp\/v2\/product"}],"about":[{"href":"https:\/\/altosekura.com\/pl\/wp-json\/wp\/v2\/types\/product"}],"wp:featuredmedia":[{"embeddable":true,"href":"https:\/\/altosekura.com\/pl\/wp-json\/wp\/v2\/media\/902"}],"wp:attachment":[{"href":"https:\/\/altosekura.com\/pl\/wp-json\/wp\/v2\/media?parent=901"}],"wp:term":[{"taxonomy":"product_brand","embeddable":true,"href":"https:\/\/altosekura.com\/pl\/wp-json\/wp\/v2\/product_brand?post=901"},{"taxonomy":"product_cat","embeddable":true,"href":"https:\/\/altosekura.com\/pl\/wp-json\/wp\/v2\/product_cat?post=901"},{"taxonomy":"product_tag","embeddable":true,"href":"https:\/\/altosekura.com\/pl\/wp-json\/wp\/v2\/product_tag?post=901"}],"curies":[{"name":"wp","href":"https:\/\/api.w.org\/{rel}","templated":true}]}}