{"id":895,"date":"2024-06-11T13:22:24","date_gmt":"2024-06-11T11:22:24","guid":{"rendered":"https:\/\/altosecura.proadax-dev.pl\/p\/maillon-big-d\/"},"modified":"2026-04-18T16:05:20","modified_gmt":"2026-04-18T14:05:20","slug":"maillon-big-d","status":"publish","type":"product","link":"https:\/\/altosekura.com\/pl\/p\/maillon-big-d\/","title":{"rendered":"Maillon big D"},"content":{"rendered":"<p>Du\u017cy maillon D-kszta\u0142tny produkcji Singing Rock o \u015brednicy \u00d8 10 mm i wytrzyma\u0142o\u015bci 45 kN. Prze\u015bwit: 10 mm. Ocynkowany. Zgodno\u015b\u0107 z norm\u0105: CE 0082, EN 12275, EN 362<\/p>\n","protected":false},"excerpt":{"rendered":"<p>Du\u017cy maillon D-kszta\u0142tny produkcji Singing Rock o \u015brednicy \u00d8 10 mm i wytrzyma\u0142o\u015bci 45 kN. Prze\u015bwit: 10 mm. Ocynkowany. Zgodno\u015b\u0107<\/p>\n","protected":false},"featured_media":896,"template":"","meta":[],"product_brand":[],"product_cat":[83],"product_tag":[],"class_list":{"0":"post-895","1":"product","2":"type-product","3":"status-publish","4":"has-post-thumbnail","6":"product_cat-karabinki","7":"pa_blokada-zakrecany","8":"pa_kolor-stalowy","9":"pa_marka-singing-rock","10":"pa_norma-ce-0082","11":"pa_norma-en-12275","12":"pa_norma-en-362","13":"pa_przeswit-10-mm","14":"pa_rodzaj-karabinka-d-ksztaltny","15":"pa_srednica-10-mm","16":"pa_wytrzymalosc-45-kn","18":"first","19":"instock","20":"taxable","21":"shipping-taxable","22":"purchasable","23":"product-type-simple"},"_links":{"self":[{"href":"https:\/\/altosekura.com\/pl\/wp-json\/wp\/v2\/product\/895","targetHints":{"allow":["GET"]}}],"collection":[{"href":"https:\/\/altosekura.com\/pl\/wp-json\/wp\/v2\/product"}],"about":[{"href":"https:\/\/altosekura.com\/pl\/wp-json\/wp\/v2\/types\/product"}],"wp:featuredmedia":[{"embeddable":true,"href":"https:\/\/altosekura.com\/pl\/wp-json\/wp\/v2\/media\/896"}],"wp:attachment":[{"href":"https:\/\/altosekura.com\/pl\/wp-json\/wp\/v2\/media?parent=895"}],"wp:term":[{"taxonomy":"product_brand","embeddable":true,"href":"https:\/\/altosekura.com\/pl\/wp-json\/wp\/v2\/product_brand?post=895"},{"taxonomy":"product_cat","embeddable":true,"href":"https:\/\/altosekura.com\/pl\/wp-json\/wp\/v2\/product_cat?post=895"},{"taxonomy":"product_tag","embeddable":true,"href":"https:\/\/altosekura.com\/pl\/wp-json\/wp\/v2\/product_tag?post=895"}],"curies":[{"name":"wp","href":"https:\/\/api.w.org\/{rel}","templated":true}]}}