{"id":894,"date":"2024-06-09T13:22:24","date_gmt":"2024-06-09T11:22:24","guid":{"rendered":"https:\/\/altosecura.proadax-dev.pl\/p\/maillon-big-delta\/"},"modified":"2026-03-10T15:59:06","modified_gmt":"2026-03-10T14:59:06","slug":"maillon-big-delta","status":"publish","type":"product","link":"https:\/\/altosekura.com\/pl\/p\/maillon-big-delta\/","title":{"rendered":"Maillon big delta"},"content":{"rendered":"<p>Du\u017cy maillon delta o \u015brednicy \u00d8 10 mm i wytrzyma\u0142o\u015bci 45 kN. Prze\u015bwit: 12 mm. Ocynkowany. Zgodno\u015b\u0107 z norm\u0105: CE 0082, EN 12275, EN 362<\/p>\n","protected":false},"excerpt":{"rendered":"<p>Du\u017cy maillon delta o \u015brednicy \u00d8 10 mm i wytrzyma\u0142o\u015bci 45 kN. Prze\u015bwit: 12 mm. Ocynkowany. Zgodno\u015b\u0107 z norm\u0105: CE<\/p>\n","protected":false},"featured_media":892,"template":"","meta":[],"product_brand":[],"product_cat":[83],"product_tag":[],"class_list":{"0":"post-894","1":"product","2":"type-product","3":"status-publish","4":"has-post-thumbnail","6":"product_cat-karabinki","7":"pa_blokada-zakrecany","8":"pa_kolor-stalowy","9":"pa_marka-singing-rock","10":"pa_norma-ce-0082","11":"pa_norma-en-12275","12":"pa_norma-en-362","13":"pa_przeswit-12-mm","14":"pa_rodzaj-karabinka-trojkatny","15":"pa_srednica-10-mm","16":"pa_wytrzymalosc-45-kn","18":"first","19":"instock","20":"taxable","21":"shipping-taxable","22":"purchasable","23":"product-type-simple"},"_links":{"self":[{"href":"https:\/\/altosekura.com\/pl\/wp-json\/wp\/v2\/product\/894","targetHints":{"allow":["GET"]}}],"collection":[{"href":"https:\/\/altosekura.com\/pl\/wp-json\/wp\/v2\/product"}],"about":[{"href":"https:\/\/altosekura.com\/pl\/wp-json\/wp\/v2\/types\/product"}],"wp:featuredmedia":[{"embeddable":true,"href":"https:\/\/altosekura.com\/pl\/wp-json\/wp\/v2\/media\/892"}],"wp:attachment":[{"href":"https:\/\/altosekura.com\/pl\/wp-json\/wp\/v2\/media?parent=894"}],"wp:term":[{"taxonomy":"product_brand","embeddable":true,"href":"https:\/\/altosekura.com\/pl\/wp-json\/wp\/v2\/product_brand?post=894"},{"taxonomy":"product_cat","embeddable":true,"href":"https:\/\/altosekura.com\/pl\/wp-json\/wp\/v2\/product_cat?post=894"},{"taxonomy":"product_tag","embeddable":true,"href":"https:\/\/altosekura.com\/pl\/wp-json\/wp\/v2\/product_tag?post=894"}],"curies":[{"name":"wp","href":"https:\/\/api.w.org\/{rel}","templated":true}]}}