{"id":893,"date":"2024-06-10T13:22:24","date_gmt":"2024-06-10T11:22:24","guid":{"rendered":"https:\/\/altosecura.proadax-dev.pl\/p\/maillon-small-delta\/"},"modified":"2026-03-10T15:59:06","modified_gmt":"2026-03-10T14:59:06","slug":"maillon-small-delta","status":"publish","type":"product","link":"https:\/\/altosekura.com\/pl\/p\/maillon-small-delta\/","title":{"rendered":"Maillon small delta"},"content":{"rendered":"<p>Ma\u0142y maillon delta produkcji Singing Rock o \u015brednicy \u00d8 7 mm i wytrzyma\u0142o\u015bci 20 kN. Prze\u015bwit: 8,5 mm. Ocynkowany. Zgodno\u015b\u0107 z norm\u0105: CE 0082, EN 12275, EN 362<\/p>\n","protected":false},"excerpt":{"rendered":"<p>Ma\u0142y maillon delta produkcji Singing Rock o \u015brednicy \u00d8 7 mm i wytrzyma\u0142o\u015bci 20 kN. Prze\u015bwit: 8,5 mm. Ocynkowany. Zgodno\u015b\u0107<\/p>\n","protected":false},"featured_media":891,"template":"","meta":[],"product_brand":[],"product_cat":[83],"product_tag":[],"class_list":{"0":"post-893","1":"product","2":"type-product","3":"status-publish","4":"has-post-thumbnail","6":"product_cat-karabinki","7":"pa_blokada-zakrecany","8":"pa_kolor-stalowy","9":"pa_marka-singing-rock","10":"pa_norma-ce-0082","11":"pa_norma-en-12275","12":"pa_norma-en-362","13":"pa_przeswit-8-5-mm","14":"pa_rodzaj-karabinka-trojkatny","15":"pa_srednica-7-mm","16":"pa_wytrzymalosc-20-kn","18":"first","19":"instock","20":"taxable","21":"shipping-taxable","22":"purchasable","23":"product-type-simple"},"_links":{"self":[{"href":"https:\/\/altosekura.com\/pl\/wp-json\/wp\/v2\/product\/893","targetHints":{"allow":["GET"]}}],"collection":[{"href":"https:\/\/altosekura.com\/pl\/wp-json\/wp\/v2\/product"}],"about":[{"href":"https:\/\/altosekura.com\/pl\/wp-json\/wp\/v2\/types\/product"}],"wp:featuredmedia":[{"embeddable":true,"href":"https:\/\/altosekura.com\/pl\/wp-json\/wp\/v2\/media\/891"}],"wp:attachment":[{"href":"https:\/\/altosekura.com\/pl\/wp-json\/wp\/v2\/media?parent=893"}],"wp:term":[{"taxonomy":"product_brand","embeddable":true,"href":"https:\/\/altosekura.com\/pl\/wp-json\/wp\/v2\/product_brand?post=893"},{"taxonomy":"product_cat","embeddable":true,"href":"https:\/\/altosekura.com\/pl\/wp-json\/wp\/v2\/product_cat?post=893"},{"taxonomy":"product_tag","embeddable":true,"href":"https:\/\/altosekura.com\/pl\/wp-json\/wp\/v2\/product_tag?post=893"}],"curies":[{"name":"wp","href":"https:\/\/api.w.org\/{rel}","templated":true}]}}