{"id":889,"date":"2024-06-12T13:22:24","date_gmt":"2024-06-12T11:22:24","guid":{"rendered":"https:\/\/altosecura.proadax-dev.pl\/p\/maillon-small-oval\/"},"modified":"2026-04-20T10:35:20","modified_gmt":"2026-04-20T08:35:20","slug":"maillon-small-oval","status":"publish","type":"product","link":"https:\/\/altosekura.com\/pl\/p\/maillon-small-oval\/","title":{"rendered":"Maillon small oval"},"content":{"rendered":"<p>Ma\u0142y owalny maillon produkcji Singing Rock o \u015brednicy \u00d8 8 mm i wytrzyma\u0142o\u015bci 35 kN. Prze\u015bwit: 11 mm. Ocynkowany. Zgodno\u015b\u0107 z norm\u0105: CE 0082, EN 12275, EN 362<\/p>\n","protected":false},"excerpt":{"rendered":"<p>Ma\u0142y owalny maillon produkcji Singing Rock o \u015brednicy \u00d8 8 mm i wytrzyma\u0142o\u015bci 35 kN. Prze\u015bwit: 11 mm. Ocynkowany. Zgodno\u015b\u0107<\/p>\n","protected":false},"featured_media":890,"template":"","meta":[],"product_brand":[],"product_cat":[83],"product_tag":[],"class_list":{"0":"post-889","1":"product","2":"type-product","3":"status-publish","4":"has-post-thumbnail","6":"product_cat-karabinki","7":"pa_blokada-zakrecany","8":"pa_kolor-stalowy","9":"pa_marka-singing-rock","10":"pa_norma-ce-0082","11":"pa_norma-en-12275","12":"pa_norma-en-362","13":"pa_przeswit-11-mm","14":"pa_rodzaj-karabinka-owalny","15":"pa_srednica-8-mm","16":"pa_wytrzymalosc-35-kn","18":"first","19":"instock","20":"taxable","21":"shipping-taxable","22":"purchasable","23":"product-type-simple"},"_links":{"self":[{"href":"https:\/\/altosekura.com\/pl\/wp-json\/wp\/v2\/product\/889","targetHints":{"allow":["GET"]}}],"collection":[{"href":"https:\/\/altosekura.com\/pl\/wp-json\/wp\/v2\/product"}],"about":[{"href":"https:\/\/altosekura.com\/pl\/wp-json\/wp\/v2\/types\/product"}],"wp:featuredmedia":[{"embeddable":true,"href":"https:\/\/altosekura.com\/pl\/wp-json\/wp\/v2\/media\/890"}],"wp:attachment":[{"href":"https:\/\/altosekura.com\/pl\/wp-json\/wp\/v2\/media?parent=889"}],"wp:term":[{"taxonomy":"product_brand","embeddable":true,"href":"https:\/\/altosekura.com\/pl\/wp-json\/wp\/v2\/product_brand?post=889"},{"taxonomy":"product_cat","embeddable":true,"href":"https:\/\/altosekura.com\/pl\/wp-json\/wp\/v2\/product_cat?post=889"},{"taxonomy":"product_tag","embeddable":true,"href":"https:\/\/altosekura.com\/pl\/wp-json\/wp\/v2\/product_tag?post=889"}],"curies":[{"name":"wp","href":"https:\/\/api.w.org\/{rel}","templated":true}]}}