{"id":887,"date":"2024-12-27T13:22:24","date_gmt":"2024-12-27T12:22:24","guid":{"rendered":"https:\/\/altosecura.proadax-dev.pl\/p\/hms-steel-triple-lock\/"},"modified":"2026-03-10T15:59:04","modified_gmt":"2026-03-10T14:59:04","slug":"hms-steel-triple-lock","status":"publish","type":"product","link":"https:\/\/altosekura.com\/pl\/p\/hms-steel-triple-lock\/","title":{"rendered":"D Steel Triple-lock"},"content":{"rendered":"<p>Karabinek stalowy zakr\u0119cany produkcji Singing Rock z zabezpieczeniem Triple-lock i zamkiem Keylock. Ocynkowany. Wytrzyma\u0142o\u015b\u0107: 50 kN \/ 13 kN \/ 20 kN. Prze\u015bwit: 25 mm. Zgodno\u015b\u0107 z norm\u0105: CE 1019, EN 362<\/p>\n","protected":false},"excerpt":{"rendered":"<p>Karabinek stalowy zakr\u0119cany produkcji Singing Rock z zabezpieczeniem Triple-lock i zamkiem Keylock. Ocynkowany. Wytrzyma\u0142o\u015b\u0107: 50 kN \/ 13 kN \/<\/p>\n","protected":false},"featured_media":888,"template":"","meta":[],"product_brand":[],"product_cat":[83],"product_tag":[],"class_list":{"0":"post-887","1":"product","2":"type-product","3":"status-publish","4":"has-post-thumbnail","6":"product_cat-karabinki","7":"pa_blokada-triple-lock","8":"pa_kolor-szary","9":"pa_marka-singing-rock","10":"pa_norma-ce-1019","11":"pa_norma-en-362","12":"pa_przeswit-25-mm","13":"pa_rodzaj-karabinka-d-ksztaltny","15":"first","16":"instock","17":"taxable","18":"shipping-taxable","19":"purchasable","20":"product-type-simple"},"_links":{"self":[{"href":"https:\/\/altosekura.com\/pl\/wp-json\/wp\/v2\/product\/887","targetHints":{"allow":["GET"]}}],"collection":[{"href":"https:\/\/altosekura.com\/pl\/wp-json\/wp\/v2\/product"}],"about":[{"href":"https:\/\/altosekura.com\/pl\/wp-json\/wp\/v2\/types\/product"}],"wp:featuredmedia":[{"embeddable":true,"href":"https:\/\/altosekura.com\/pl\/wp-json\/wp\/v2\/media\/888"}],"wp:attachment":[{"href":"https:\/\/altosekura.com\/pl\/wp-json\/wp\/v2\/media?parent=887"}],"wp:term":[{"taxonomy":"product_brand","embeddable":true,"href":"https:\/\/altosekura.com\/pl\/wp-json\/wp\/v2\/product_brand?post=887"},{"taxonomy":"product_cat","embeddable":true,"href":"https:\/\/altosekura.com\/pl\/wp-json\/wp\/v2\/product_cat?post=887"},{"taxonomy":"product_tag","embeddable":true,"href":"https:\/\/altosekura.com\/pl\/wp-json\/wp\/v2\/product_tag?post=887"}],"curies":[{"name":"wp","href":"https:\/\/api.w.org\/{rel}","templated":true}]}}