{"id":884,"date":"2024-12-29T13:22:24","date_gmt":"2024-12-29T12:22:24","guid":{"rendered":"https:\/\/altosecura.proadax-dev.pl\/p\/oval-steel-triple-lock\/"},"modified":"2026-04-18T16:05:20","modified_gmt":"2026-04-18T14:05:20","slug":"oval-steel-triple-lock","status":"publish","type":"product","link":"https:\/\/altosekura.com\/pl\/p\/oval-steel-triple-lock\/","title":{"rendered":"OVAL Steel Triple-lock"},"content":{"rendered":"<p>Owalny zakr\u0119cany stalowy karabinek produkcji Singing Rock z\u00a0zabezpieczeniem Triple-lock i zamkiem Keylock. Ocynkowany. Wytrzyma\u0142o\u015b\u0107: 30 kN \/ 9 kN \/ 8 kN. Prze\u015bwit (d) 18 mm. Zgodno\u015b\u0107 z norm\u0105: CE 1019, EN 362<\/p>\n","protected":false},"excerpt":{"rendered":"<p>Owalny zakr\u0119cany stalowy karabinek produkcji Singing Rock z\u00a0zabezpieczeniem Triple-lock i zamkiem Keylock. Ocynkowany. Wytrzyma\u0142o\u015b\u0107: 30 kN \/ 9 kN \/<\/p>\n","protected":false},"featured_media":883,"template":"","meta":[],"product_brand":[],"product_cat":[83],"product_tag":[],"class_list":{"0":"post-884","1":"product","2":"type-product","3":"status-publish","4":"has-post-thumbnail","6":"product_cat-karabinki","7":"pa_blokada-triple-lock","8":"pa_kolor-szary","9":"pa_marka-singing-rock","10":"pa_norma-ce-1019","11":"pa_norma-en-362","12":"pa_przeswit-18-mm","13":"pa_rodzaj-karabinka-owalny","15":"first","16":"instock","17":"sale","18":"taxable","19":"shipping-taxable","20":"purchasable","21":"product-type-simple"},"_links":{"self":[{"href":"https:\/\/altosekura.com\/pl\/wp-json\/wp\/v2\/product\/884","targetHints":{"allow":["GET"]}}],"collection":[{"href":"https:\/\/altosekura.com\/pl\/wp-json\/wp\/v2\/product"}],"about":[{"href":"https:\/\/altosekura.com\/pl\/wp-json\/wp\/v2\/types\/product"}],"wp:featuredmedia":[{"embeddable":true,"href":"https:\/\/altosekura.com\/pl\/wp-json\/wp\/v2\/media\/883"}],"wp:attachment":[{"href":"https:\/\/altosekura.com\/pl\/wp-json\/wp\/v2\/media?parent=884"}],"wp:term":[{"taxonomy":"product_brand","embeddable":true,"href":"https:\/\/altosekura.com\/pl\/wp-json\/wp\/v2\/product_brand?post=884"},{"taxonomy":"product_cat","embeddable":true,"href":"https:\/\/altosekura.com\/pl\/wp-json\/wp\/v2\/product_cat?post=884"},{"taxonomy":"product_tag","embeddable":true,"href":"https:\/\/altosekura.com\/pl\/wp-json\/wp\/v2\/product_tag?post=884"}],"curies":[{"name":"wp","href":"https:\/\/api.w.org\/{rel}","templated":true}]}}