{"id":877,"date":"2024-06-13T13:22:24","date_gmt":"2024-06-13T11:22:24","guid":{"rendered":"https:\/\/altosecura.proadax-dev.pl\/p\/colt-straight\/"},"modified":"2026-03-10T15:58:58","modified_gmt":"2026-03-10T14:58:58","slug":"colt-straight","status":"publish","type":"product","link":"https:\/\/altosekura.com\/pl\/p\/colt-straight\/","title":{"rendered":"COLT straight"},"content":{"rendered":"<p>Pe\u0142nowymiarowy aluminiowy karabinek produkcji Singing Rock z prostym\u00a0zamkiem do ekspres\u00f3w, kuty na gora\u0328co, ze \u015bwietnymi parametrami wytrzyma\u0142o\u015bciowymi. Karabinek powsta\u0142 z my\u015bla\u0328 o wspinaczce sportowej oraz tradycyjnej. Ma niebywa\u0142\u0105 wytrzyma\u0142o\u015bc\u0301 przy otwartym zamku \u2013 11 kN. Kszta\u0142t i uk\u0142ad ramienia zamka zapewnia optymalny prze\u015bwit. Wyprofilowany zamek Keylock znakomicie u\u0142atwia operowanie lin\u0105 oraz u\u0142atwia wpinanie do punkt\u00f3w asekuracyjnych. Niewielkie wg\u0142\u0119bienie na ramieniu zamka u\u0142atwia otwieranie i zamykanie karabinka. Wyprofilowania w pod\u0142u\u017cnej osi karabinka zwi\u0119kszaj\u0105 powierzchni\u0119 pracy liny, wp\u0142ywaj\u0105 korzystnie na mniejsze zu\u017cycie liny i karabinka. Ka\u017cdy karabinek jest testowany indywidualnie pod obci\u0105\u017ceniem 10 kN. Wytrzyma\u0142o\u015b\u0107: 26 kN \/ 8 kN \/11 kN. Prze\u015bwit (d): 21 mm Zgodno\u015b\u0107 z norm\u0105: CE 1019, EN 12275<\/p>\n","protected":false},"excerpt":{"rendered":"<p>Pe\u0142nowymiarowy aluminiowy karabinek produkcji Singing Rock z prostym\u00a0zamkiem do ekspres\u00f3w, kuty na gora\u0328co, ze \u015bwietnymi parametrami wytrzyma\u0142o\u015bciowymi. Karabinek powsta\u0142 z<\/p>\n","protected":false},"featured_media":878,"template":"","meta":[],"product_brand":[],"product_cat":[83],"product_tag":[],"class_list":{"0":"post-877","1":"product","2":"type-product","3":"status-publish","4":"has-post-thumbnail","6":"product_cat-karabinki","7":"pa_blokada-straight","8":"pa_marka-singing-rock","9":"pa_norma-ce-1019","10":"pa_norma-en-12275","11":"pa_przeswit-21-mm","12":"pa_rodzaj-karabinka-d-ksztaltny","14":"first","15":"onbackorder","16":"taxable","17":"shipping-taxable","18":"purchasable","19":"product-type-simple"},"_links":{"self":[{"href":"https:\/\/altosekura.com\/pl\/wp-json\/wp\/v2\/product\/877","targetHints":{"allow":["GET"]}}],"collection":[{"href":"https:\/\/altosekura.com\/pl\/wp-json\/wp\/v2\/product"}],"about":[{"href":"https:\/\/altosekura.com\/pl\/wp-json\/wp\/v2\/types\/product"}],"wp:featuredmedia":[{"embeddable":true,"href":"https:\/\/altosekura.com\/pl\/wp-json\/wp\/v2\/media\/878"}],"wp:attachment":[{"href":"https:\/\/altosekura.com\/pl\/wp-json\/wp\/v2\/media?parent=877"}],"wp:term":[{"taxonomy":"product_brand","embeddable":true,"href":"https:\/\/altosekura.com\/pl\/wp-json\/wp\/v2\/product_brand?post=877"},{"taxonomy":"product_cat","embeddable":true,"href":"https:\/\/altosekura.com\/pl\/wp-json\/wp\/v2\/product_cat?post=877"},{"taxonomy":"product_tag","embeddable":true,"href":"https:\/\/altosekura.com\/pl\/wp-json\/wp\/v2\/product_tag?post=877"}],"curies":[{"name":"wp","href":"https:\/\/api.w.org\/{rel}","templated":true}]}}