{"id":875,"date":"2024-06-19T13:22:24","date_gmt":"2024-06-19T11:22:24","guid":{"rendered":"https:\/\/altosecura.proadax-dev.pl\/p\/colt-screw\/"},"modified":"2026-03-10T15:58:58","modified_gmt":"2026-03-10T14:58:58","slug":"colt-screw","status":"publish","type":"product","link":"https:\/\/altosekura.com\/pl\/p\/colt-screw\/","title":{"rendered":"COLT screw"},"content":{"rendered":"<p>Lekki aluminowy karabinek zakr\u0119cany produkcji Singing Rock. Idealny do autoasekuracji i budowania stanowisk podczas wspinaczki wysokog\u00f3rskiej i alpejskiej. Ma niebywa\u0142\u0105 wytrzyma\u0142o\u015bc\u0301 przy otwartym zamku &#8211;\u00a011 kN. Zamek typu Keylock, ustawiony pod k\u0105tem znakomicie poprawia funkcjonalno\u015bc\u0301. Prze\u015bwit karabinka jest wyprofilowany, u\u0142atwia manipulacj\u0119 sprz\u0119tem. Ka\u017cdy karabinek jest indywidualnie testowany obci\u0105\u017ceniem 10 kN. Wytrzyma\u0142o\u015b\u0107: 26 kN \/ 8 kN \/ 11 kN. Prze\u015bwit(d): 18 mm Zgodno\u015b\u0107 z norm\u0105: CE 1019, EN 12275, EN 362<\/p>\n","protected":false},"excerpt":{"rendered":"<p>Lekki aluminowy karabinek zakr\u0119cany produkcji Singing Rock. Idealny do autoasekuracji i budowania stanowisk podczas wspinaczki wysokog\u00f3rskiej i alpejskiej. Ma niebywa\u0142\u0105<\/p>\n","protected":false},"featured_media":876,"template":"","meta":[],"product_brand":[],"product_cat":[83],"product_tag":[],"class_list":{"0":"post-875","1":"product","2":"type-product","3":"status-publish","4":"has-post-thumbnail","6":"product_cat-karabinki","7":"pa_blokada-zakrecany","8":"pa_marka-singing-rock","9":"pa_norma-ce-1019","10":"pa_norma-en-12275","11":"pa_norma-en-362","12":"pa_przeswit-18-mm","13":"pa_rodzaj-karabinka-d-ksztaltny","15":"first","16":"instock","17":"taxable","18":"shipping-taxable","19":"purchasable","20":"product-type-simple"},"_links":{"self":[{"href":"https:\/\/altosekura.com\/pl\/wp-json\/wp\/v2\/product\/875","targetHints":{"allow":["GET"]}}],"collection":[{"href":"https:\/\/altosekura.com\/pl\/wp-json\/wp\/v2\/product"}],"about":[{"href":"https:\/\/altosekura.com\/pl\/wp-json\/wp\/v2\/types\/product"}],"wp:featuredmedia":[{"embeddable":true,"href":"https:\/\/altosekura.com\/pl\/wp-json\/wp\/v2\/media\/876"}],"wp:attachment":[{"href":"https:\/\/altosekura.com\/pl\/wp-json\/wp\/v2\/media?parent=875"}],"wp:term":[{"taxonomy":"product_brand","embeddable":true,"href":"https:\/\/altosekura.com\/pl\/wp-json\/wp\/v2\/product_brand?post=875"},{"taxonomy":"product_cat","embeddable":true,"href":"https:\/\/altosekura.com\/pl\/wp-json\/wp\/v2\/product_cat?post=875"},{"taxonomy":"product_tag","embeddable":true,"href":"https:\/\/altosekura.com\/pl\/wp-json\/wp\/v2\/product_tag?post=875"}],"curies":[{"name":"wp","href":"https:\/\/api.w.org\/{rel}","templated":true}]}}