{"id":873,"date":"2024-06-17T13:22:24","date_gmt":"2024-06-17T11:22:24","guid":{"rendered":"https:\/\/altosecura.proadax-dev.pl\/p\/hector-triple-bc\/"},"modified":"2026-04-22T18:33:06","modified_gmt":"2026-04-22T16:33:06","slug":"hector-triple-bc","status":"publish","type":"product","link":"https:\/\/altosekura.com\/pl\/p\/hector-triple-bc\/","title":{"rendered":"HECTOR Triple-lock BC"},"content":{"rendered":"<p>Du\u017cy, uniwersalny aluminiowy karabinek HMS produkcji Singing Rock o gruszkowatym kszta\u0142cie\u00a0triple-lock oraz z wykr\u0119can\u0105 poprzeczka\u0328 unieruchamiaj\u0105c\u0105 karabinek we w\u0142a\u015bciwym po\u0142o\u017ceniu. Poprzeczka stabilizuje karabinek we w\u0142a\u015bciwej pozycji. Stabilna pozycja karabinka przez zastosowanie poprzeczki niweluje niepo\u017c\u0105dane przeci\u0105\u017cenia w osi poprzecznej karabinka. Wytrzyma\u0142o\u015b\u0107: 30 kN \/ 9 kN \/ 8 kN. Prze\u015bwit: 26 mm Zgodno\u015b\u0107 z norm\u0105: CE 1019, EN 12275, EN 362<\/p>\n","protected":false},"excerpt":{"rendered":"<p>Du\u017cy, uniwersalny aluminiowy karabinek HMS produkcji Singing Rock o gruszkowatym kszta\u0142cie\u00a0triple-lock oraz z wykr\u0119can\u0105 poprzeczka\u0328 unieruchamiaj\u0105c\u0105 karabinek we w\u0142a\u015bciwym po\u0142o\u017ceniu.<\/p>\n","protected":false},"featured_media":874,"template":"","meta":[],"product_brand":[],"product_cat":[83],"product_tag":[],"class_list":{"0":"post-873","1":"product","2":"type-product","3":"status-publish","4":"has-post-thumbnail","6":"product_cat-karabinki","7":"pa_blokada-triple-lock","8":"pa_kolor-niebieski","9":"pa_marka-singing-rock","10":"pa_norma-ce-1019","11":"pa_norma-en-12275","12":"pa_norma-en-362","13":"pa_przeswit-26-mm","14":"pa_rodzaj-karabinka-hms","16":"first","17":"instock","18":"sale","19":"taxable","20":"shipping-taxable","21":"purchasable","22":"product-type-simple"},"_links":{"self":[{"href":"https:\/\/altosekura.com\/pl\/wp-json\/wp\/v2\/product\/873","targetHints":{"allow":["GET"]}}],"collection":[{"href":"https:\/\/altosekura.com\/pl\/wp-json\/wp\/v2\/product"}],"about":[{"href":"https:\/\/altosekura.com\/pl\/wp-json\/wp\/v2\/types\/product"}],"wp:featuredmedia":[{"embeddable":true,"href":"https:\/\/altosekura.com\/pl\/wp-json\/wp\/v2\/media\/874"}],"wp:attachment":[{"href":"https:\/\/altosekura.com\/pl\/wp-json\/wp\/v2\/media?parent=873"}],"wp:term":[{"taxonomy":"product_brand","embeddable":true,"href":"https:\/\/altosekura.com\/pl\/wp-json\/wp\/v2\/product_brand?post=873"},{"taxonomy":"product_cat","embeddable":true,"href":"https:\/\/altosekura.com\/pl\/wp-json\/wp\/v2\/product_cat?post=873"},{"taxonomy":"product_tag","embeddable":true,"href":"https:\/\/altosekura.com\/pl\/wp-json\/wp\/v2\/product_tag?post=873"}],"curies":[{"name":"wp","href":"https:\/\/api.w.org\/{rel}","templated":true}]}}