{"id":871,"date":"2024-06-18T13:22:24","date_gmt":"2024-06-18T11:22:24","guid":{"rendered":"https:\/\/altosecura.proadax-dev.pl\/p\/hector-triple\/"},"modified":"2026-03-10T15:59:04","modified_gmt":"2026-03-10T14:59:04","slug":"hector-triple","status":"publish","type":"product","link":"https:\/\/altosekura.com\/pl\/p\/hector-triple\/","title":{"rendered":"HECTOR Triple-lock"},"content":{"rendered":"<p>Du\u017cy, uniwersalny aluminiowy karabinek HMS produkcji Singing Rock o gruszkowatym kszta\u0142cie\u00a0triple-lock, przeznaczenie wszechstronne. Polecany do asekuracji, instalowania punkt\u00f3w stanowiskowych podczas prac na wysoko\u015bci. Ze wzgl\u0119du na wytrzyma\u0142o\u015b\u0107 i du\u017cy prze\u015bwit zamka, mo\u017ce by\u0107 stosowany jako punkt centralny stanowiska. Karbowana nakr\u0119tka\/triple-lock blokuj\u0105ca u\u0142atwia zabezpieczenie zamka karabinka w r\u0119kawiczkach. Wytrzyma\u0142o\u015b\u0107: 30 kN \/ 9 kN \/ 8 kN. Prze\u015bwit: 26 mm Zgodno\u015b\u0107 z norm\u0105: CE 1019, EN 12275, EN 362<\/p>\n","protected":false},"excerpt":{"rendered":"<p>Du\u017cy, uniwersalny aluminiowy karabinek HMS produkcji Singing Rock o gruszkowatym kszta\u0142cie\u00a0triple-lock, przeznaczenie wszechstronne. Polecany do asekuracji, instalowania punkt\u00f3w stanowiskowych podczas<\/p>\n","protected":false},"featured_media":872,"template":"","meta":[],"product_brand":[],"product_cat":[83],"product_tag":[],"class_list":{"0":"post-871","1":"product","2":"type-product","3":"status-publish","4":"has-post-thumbnail","6":"product_cat-karabinki","7":"pa_blokada-triple-lock","8":"pa_kolor-niebieski","9":"pa_marka-singing-rock","10":"pa_norma-ce-1019","11":"pa_norma-en-12275","12":"pa_norma-en-362","13":"pa_przeswit-26-mm","14":"pa_rodzaj-karabinka-hms","16":"first","17":"instock","18":"taxable","19":"shipping-taxable","20":"purchasable","21":"product-type-simple"},"_links":{"self":[{"href":"https:\/\/altosekura.com\/pl\/wp-json\/wp\/v2\/product\/871","targetHints":{"allow":["GET"]}}],"collection":[{"href":"https:\/\/altosekura.com\/pl\/wp-json\/wp\/v2\/product"}],"about":[{"href":"https:\/\/altosekura.com\/pl\/wp-json\/wp\/v2\/types\/product"}],"wp:featuredmedia":[{"embeddable":true,"href":"https:\/\/altosekura.com\/pl\/wp-json\/wp\/v2\/media\/872"}],"wp:attachment":[{"href":"https:\/\/altosekura.com\/pl\/wp-json\/wp\/v2\/media?parent=871"}],"wp:term":[{"taxonomy":"product_brand","embeddable":true,"href":"https:\/\/altosekura.com\/pl\/wp-json\/wp\/v2\/product_brand?post=871"},{"taxonomy":"product_cat","embeddable":true,"href":"https:\/\/altosekura.com\/pl\/wp-json\/wp\/v2\/product_cat?post=871"},{"taxonomy":"product_tag","embeddable":true,"href":"https:\/\/altosekura.com\/pl\/wp-json\/wp\/v2\/product_tag?post=871"}],"curies":[{"name":"wp","href":"https:\/\/api.w.org\/{rel}","templated":true}]}}