{"id":869,"date":"2024-06-22T13:22:24","date_gmt":"2024-06-22T11:22:24","guid":{"rendered":"https:\/\/altosecura.proadax-dev.pl\/p\/hector-screw-bc\/"},"modified":"2026-03-10T15:59:04","modified_gmt":"2026-03-10T14:59:04","slug":"hector-screw-bc","status":"publish","type":"product","link":"https:\/\/altosekura.com\/pl\/p\/hector-screw-bc\/","title":{"rendered":"HECTOR screw BC"},"content":{"rendered":"<p>Hector Screw to du\u017cy aluminiowy karabinek produkcji Singing Rock o kszta\u0142cie gruszki. Wyposa\u017cony w zamek z zabezpieczeniem typu Screw lock oraz z wykr\u0119can\u0105 poprzeczka\u0328 unieruchamiaj\u0105c\u0105 karabinek we w\u0142a\u015bciwym po\u0142o\u017ceniu. Mo\u017cna u\u017cywa\u0107 go w lon\u017cy oraz innych systemach kotwi\u0105cych, gdzie okre\u015blone po\u0142o\u017cenie karabinka jest po\u017c\u0105dane. Stabilna pozycja karabinka przez zastosowanie poprzeczki niweluje niepo\u017c\u0105dane przeci\u0105\u017cenia w osi poprzecznej karabinka. Wytrzyma\u0142o\u015b\u0107: 30 kN \/ 9 kN \/ 8 kN. Prze\u015bwit: 26 mm. Zgodno\u015b\u0107 z norm\u0105: EN 362, EN 12275<\/p>\n","protected":false},"excerpt":{"rendered":"<p>Hector Screw to du\u017cy aluminiowy karabinek produkcji Singing Rock o kszta\u0142cie gruszki. Wyposa\u017cony w zamek z zabezpieczeniem typu Screw lock<\/p>\n","protected":false},"featured_media":870,"template":"","meta":[],"product_brand":[],"product_cat":[83],"product_tag":[],"class_list":{"0":"post-869","1":"product","2":"type-product","3":"status-publish","4":"has-post-thumbnail","6":"product_cat-karabinki","7":"pa_blokada-zakrecany","8":"pa_kolor-niebieski","9":"pa_marka-singing-rock","10":"pa_norma-en-12275","11":"pa_norma-en-362","12":"pa_przeswit-26-mm","13":"pa_rodzaj-karabinka-hms","15":"first","16":"instock","17":"taxable","18":"shipping-taxable","19":"purchasable","20":"product-type-simple"},"_links":{"self":[{"href":"https:\/\/altosekura.com\/pl\/wp-json\/wp\/v2\/product\/869","targetHints":{"allow":["GET"]}}],"collection":[{"href":"https:\/\/altosekura.com\/pl\/wp-json\/wp\/v2\/product"}],"about":[{"href":"https:\/\/altosekura.com\/pl\/wp-json\/wp\/v2\/types\/product"}],"wp:featuredmedia":[{"embeddable":true,"href":"https:\/\/altosekura.com\/pl\/wp-json\/wp\/v2\/media\/870"}],"wp:attachment":[{"href":"https:\/\/altosekura.com\/pl\/wp-json\/wp\/v2\/media?parent=869"}],"wp:term":[{"taxonomy":"product_brand","embeddable":true,"href":"https:\/\/altosekura.com\/pl\/wp-json\/wp\/v2\/product_brand?post=869"},{"taxonomy":"product_cat","embeddable":true,"href":"https:\/\/altosekura.com\/pl\/wp-json\/wp\/v2\/product_cat?post=869"},{"taxonomy":"product_tag","embeddable":true,"href":"https:\/\/altosekura.com\/pl\/wp-json\/wp\/v2\/product_tag?post=869"}],"curies":[{"name":"wp","href":"https:\/\/api.w.org\/{rel}","templated":true}]}}