{"id":867,"date":"2024-06-23T13:22:24","date_gmt":"2024-06-23T11:22:24","guid":{"rendered":"https:\/\/altosecura.proadax-dev.pl\/p\/hector-screw\/"},"modified":"2026-03-10T15:59:04","modified_gmt":"2026-03-10T14:59:04","slug":"hector-screw","status":"publish","type":"product","link":"https:\/\/altosekura.com\/pl\/p\/hector-screw\/","title":{"rendered":"HECTOR screw"},"content":{"rendered":"<p>Hector Screw to du\u017cy aluminiowy karabinek HMS produkcji Singing Rock o kszta\u0142cie gruszki. Wyposa\u017cony w zamek z zabezpieczeniem typu Screw lock. Przeznaczony do asekuracji, zjazd\u00f3w oraz kotwienia w czasie pracy na wysoko\u015bci. Dzi\u0119ki du\u017cemu prze\u015bwitowi, Hector u\u017cywany jest najcz\u0119\u015bciej jako punkt centralny punkt kotwi\u0105cy. Kszta\u0142t gruszki pozwala na wsp\u00f3\u0142prac\u0119 z r\u00f3\u017cnymi przyrz\u0105dami zjazdowymi. Szorstkie wyci\u0119cia w zabezpieczeniu zamka pozwalaj\u0105 na \u0142atwe otwieranie\/zamykanie nawet w r\u0119kawiczkach. Anodyzowane zako\u0144czenia zwi\u0119kszaj\u0105 odporno\u015b\u0107 na korozj\u0119. Wytrzyma\u0142o\u015b\u0107: 30 kN \/ 9 kN \/ 8 kN. Prze\u015bwit: 26 mm. Zgodno\u015b\u0107 z norm\u0105: EN 362, PEN 12275<\/p>\n","protected":false},"excerpt":{"rendered":"<p>Hector Screw to du\u017cy aluminiowy karabinek HMS produkcji Singing Rock o kszta\u0142cie gruszki. Wyposa\u017cony w zamek z zabezpieczeniem typu Screw<\/p>\n","protected":false},"featured_media":868,"template":"","meta":[],"product_brand":[],"product_cat":[83],"product_tag":[],"class_list":{"0":"post-867","1":"product","2":"type-product","3":"status-publish","4":"has-post-thumbnail","6":"product_cat-karabinki","7":"pa_blokada-zakrecany","8":"pa_kolor-niebieski","9":"pa_marka-singing-rock","10":"pa_norma-en-12275","11":"pa_norma-en-362","12":"pa_przeswit-26-mm","13":"pa_rodzaj-karabinka-hms","15":"first","16":"instock","17":"taxable","18":"shipping-taxable","19":"purchasable","20":"product-type-simple"},"_links":{"self":[{"href":"https:\/\/altosekura.com\/pl\/wp-json\/wp\/v2\/product\/867","targetHints":{"allow":["GET"]}}],"collection":[{"href":"https:\/\/altosekura.com\/pl\/wp-json\/wp\/v2\/product"}],"about":[{"href":"https:\/\/altosekura.com\/pl\/wp-json\/wp\/v2\/types\/product"}],"wp:featuredmedia":[{"embeddable":true,"href":"https:\/\/altosekura.com\/pl\/wp-json\/wp\/v2\/media\/868"}],"wp:attachment":[{"href":"https:\/\/altosekura.com\/pl\/wp-json\/wp\/v2\/media?parent=867"}],"wp:term":[{"taxonomy":"product_brand","embeddable":true,"href":"https:\/\/altosekura.com\/pl\/wp-json\/wp\/v2\/product_brand?post=867"},{"taxonomy":"product_cat","embeddable":true,"href":"https:\/\/altosekura.com\/pl\/wp-json\/wp\/v2\/product_cat?post=867"},{"taxonomy":"product_tag","embeddable":true,"href":"https:\/\/altosekura.com\/pl\/wp-json\/wp\/v2\/product_tag?post=867"}],"curies":[{"name":"wp","href":"https:\/\/api.w.org\/{rel}","templated":true}]}}