{"id":864,"date":"2024-06-24T13:22:24","date_gmt":"2024-06-24T11:22:24","guid":{"rendered":"https:\/\/altosecura.proadax-dev.pl\/p\/ozone-twl\/"},"modified":"2026-04-18T16:05:20","modified_gmt":"2026-04-18T14:05:20","slug":"ozone-twl","status":"publish","type":"product","link":"https:\/\/altosekura.com\/pl\/p\/ozone-twl\/","title":{"rendered":"OZONE TWL"},"content":{"rendered":"<p>Owalny\u00a0aluminiowy karabinek z zabezpieczeniem Twist-lock produkcji Singing Rock z zamkiem Keylock. Idealny \u0142\u0105cznik szelek z uprz\u0119\u017c\u0105 doln\u0105, \u015bwietny do absorber\u00f3w energii. Polecany do wsp\u00f3\u0142pracy z bloczkami, urz\u0105dzeniami samozaciskowymi. Wytrzyma\u0142o\u015b\u0107: 26 kN \/ 9 kN \/ 7 kN.\u00a0Prze\u015bwit (d): 21 mm. Zgodno\u015b\u0107 z norm\u0105: CE 1019, EN 362, EN 12275<\/p>\n","protected":false},"excerpt":{"rendered":"<p>Owalny\u00a0aluminiowy karabinek z zabezpieczeniem Twist-lock produkcji Singing Rock z zamkiem Keylock. Idealny \u0142\u0105cznik szelek z uprz\u0119\u017c\u0105 doln\u0105, \u015bwietny do absorber\u00f3w<\/p>\n","protected":false},"featured_media":865,"template":"","meta":[],"product_brand":[],"product_cat":[83],"product_tag":[],"class_list":{"0":"post-864","1":"product","2":"type-product","3":"status-publish","4":"has-post-thumbnail","6":"product_cat-karabinki","7":"pa_blokada-twist-lock","8":"pa_kolor-niebieski","9":"pa_marka-singing-rock","10":"pa_norma-ce-1019","11":"pa_norma-en-12275","12":"pa_norma-en-362","13":"pa_przeswit-21-mm","14":"pa_rodzaj-karabinka-owalny","16":"first","17":"instock","18":"sale","19":"taxable","20":"shipping-taxable","21":"purchasable","22":"product-type-simple"},"_links":{"self":[{"href":"https:\/\/altosekura.com\/pl\/wp-json\/wp\/v2\/product\/864","targetHints":{"allow":["GET"]}}],"collection":[{"href":"https:\/\/altosekura.com\/pl\/wp-json\/wp\/v2\/product"}],"about":[{"href":"https:\/\/altosekura.com\/pl\/wp-json\/wp\/v2\/types\/product"}],"wp:featuredmedia":[{"embeddable":true,"href":"https:\/\/altosekura.com\/pl\/wp-json\/wp\/v2\/media\/865"}],"wp:attachment":[{"href":"https:\/\/altosekura.com\/pl\/wp-json\/wp\/v2\/media?parent=864"}],"wp:term":[{"taxonomy":"product_brand","embeddable":true,"href":"https:\/\/altosekura.com\/pl\/wp-json\/wp\/v2\/product_brand?post=864"},{"taxonomy":"product_cat","embeddable":true,"href":"https:\/\/altosekura.com\/pl\/wp-json\/wp\/v2\/product_cat?post=864"},{"taxonomy":"product_tag","embeddable":true,"href":"https:\/\/altosekura.com\/pl\/wp-json\/wp\/v2\/product_tag?post=864"}],"curies":[{"name":"wp","href":"https:\/\/api.w.org\/{rel}","templated":true}]}}