{"id":860,"date":"2024-06-20T13:21:16","date_gmt":"2024-06-20T11:21:16","guid":{"rendered":"https:\/\/altosecura.proadax-dev.pl\/p\/bora-gp-screw\/"},"modified":"2026-03-10T15:58:58","modified_gmt":"2026-03-10T14:58:58","slug":"bora-gp-screw","status":"publish","type":"product","link":"https:\/\/altosekura.com\/pl\/p\/bora-gp-screw\/","title":{"rendered":"BORA GP screw"},"content":{"rendered":"<p>BORA GP to aluminiowy karabinek HMS produkcji Singing Rock o gruszkowatym kszta\u0142cie, zakr\u0119cany, z poprzeczka\u0328 z drutu unieruchamiaja\u0328ca\u0328 karabinek we w\u0142a\u015bciwym po\u0142o\u017ceniu, niweluj\u0105c\u0105 niepo\u017ca\u0328dane przecia\u0328\u017cenia w osi poprzecznej karabinka. Uzyskany kszta\u0142t dwuteownika podczas kucia na gor\u0105co znacz\u0105co podni\u00f3s\u0142 wytrzyma\u0142o\u015b\u0107. Kszta\u0142t karabinka zapewnia p\u0142ynn\u0105 prac\u0119 liny, wp\u0142ywa korzystnie na mniejsze zu\u017cycie liny i karabinka. Ka\u017cdy karabinek jest indywidualnie testowany obci\u0105\u017ceniem 10 kN. Unikalny numer seryjny pozwala na lepsz\u0105 identyfikacj\u0119 produktu oraz przegl\u0105dy inspekcyjne. Wytrzyma\u0142o\u015b\u0107: 23 kN \/ 8 kN \/ 8 kN. Prze\u015bwit (d): 22 mm. Zgodno\u015b\u0107 z norm\u0105: CE 1019, EN 12275, EN 362<\/p>\n","protected":false},"excerpt":{"rendered":"<p>BORA GP to aluminiowy karabinek HMS produkcji Singing Rock o gruszkowatym kszta\u0142cie, zakr\u0119cany, z poprzeczka\u0328 z drutu unieruchamiaja\u0328ca\u0328 karabinek we<\/p>\n","protected":false},"featured_media":861,"template":"","meta":[],"product_brand":[],"product_cat":[83],"product_tag":[],"class_list":{"0":"post-860","1":"product","2":"type-product","3":"status-publish","4":"has-post-thumbnail","6":"product_cat-karabinki","7":"pa_blokada-zakrecany","8":"pa_kolor-szaro-czarny","9":"pa_marka-singing-rock","10":"pa_norma-ce-1019","11":"pa_norma-en-12275","12":"pa_norma-en-362","13":"pa_przeswit-22-mm","14":"pa_rodzaj-karabinka-hms","16":"first","17":"instock","18":"taxable","19":"shipping-taxable","20":"purchasable","21":"product-type-simple"},"_links":{"self":[{"href":"https:\/\/altosekura.com\/pl\/wp-json\/wp\/v2\/product\/860","targetHints":{"allow":["GET"]}}],"collection":[{"href":"https:\/\/altosekura.com\/pl\/wp-json\/wp\/v2\/product"}],"about":[{"href":"https:\/\/altosekura.com\/pl\/wp-json\/wp\/v2\/types\/product"}],"wp:featuredmedia":[{"embeddable":true,"href":"https:\/\/altosekura.com\/pl\/wp-json\/wp\/v2\/media\/861"}],"wp:attachment":[{"href":"https:\/\/altosekura.com\/pl\/wp-json\/wp\/v2\/media?parent=860"}],"wp:term":[{"taxonomy":"product_brand","embeddable":true,"href":"https:\/\/altosekura.com\/pl\/wp-json\/wp\/v2\/product_brand?post=860"},{"taxonomy":"product_cat","embeddable":true,"href":"https:\/\/altosekura.com\/pl\/wp-json\/wp\/v2\/product_cat?post=860"},{"taxonomy":"product_tag","embeddable":true,"href":"https:\/\/altosekura.com\/pl\/wp-json\/wp\/v2\/product_tag?post=860"}],"curies":[{"name":"wp","href":"https:\/\/api.w.org\/{rel}","templated":true}]}}