{"id":858,"date":"2024-06-16T13:21:16","date_gmt":"2024-06-16T11:21:16","guid":{"rendered":"https:\/\/altosecura.proadax-dev.pl\/p\/bora-triple-lock\/"},"modified":"2026-03-10T15:58:58","modified_gmt":"2026-03-10T14:58:58","slug":"bora-triple-lock","status":"publish","type":"product","link":"https:\/\/altosekura.com\/pl\/p\/bora-triple-lock\/","title":{"rendered":"BORA Triple Lock"},"content":{"rendered":"<p>BORA Triple Lock to aluminiowy karabinek HMS produkcji Singing Rock przeznaczony do asekuracji, zjazd\u00f3w oraz budowaniu punkt\u00f3w kotwicz\u0105cych. Kuty na gor\u0105co, niezwykle wytrzyma\u0142y przy czym niezwykle lekki. Du\u017ca przestrze\u0144 dla liny, zapewnia p\u0142ynn\u0105 prace liny. Blokada zamka typu Triple Lock zapobiega przypadkowemu otwarciu. Ka\u017cdy karabinek by\u0142 testowany indywidualnie przy u\u017cyciu si\u0142 10 kN. Wytrzyma\u0142o\u015b\u0107 \u00a023 kN\/8 kN<b>\/<\/b>8 kN. Prze\u015bwit<strong>:<\/strong>\u00a022 mm. Zgodno\u015b\u0107 z norm\u0105: EN 362,\u00a0EN 12275<\/p>\n","protected":false},"excerpt":{"rendered":"<p>BORA Triple Lock to aluminiowy karabinek HMS produkcji Singing Rock przeznaczony do asekuracji, zjazd\u00f3w oraz budowaniu punkt\u00f3w kotwicz\u0105cych. Kuty na<\/p>\n","protected":false},"featured_media":859,"template":"","meta":[],"product_brand":[],"product_cat":[83],"product_tag":[],"class_list":{"0":"post-858","1":"product","2":"type-product","3":"status-publish","4":"has-post-thumbnail","6":"product_cat-karabinki","7":"pa_blokada-triple-lock","8":"pa_kolor-pomaranczowy-matowy","9":"pa_marka-singing-rock","10":"pa_norma-en-12275","11":"pa_norma-en-362","12":"pa_przeswit-22-mm","13":"pa_rodzaj-karabinka-hms","15":"first","16":"instock","17":"taxable","18":"shipping-taxable","19":"purchasable","20":"product-type-simple"},"_links":{"self":[{"href":"https:\/\/altosekura.com\/pl\/wp-json\/wp\/v2\/product\/858","targetHints":{"allow":["GET"]}}],"collection":[{"href":"https:\/\/altosekura.com\/pl\/wp-json\/wp\/v2\/product"}],"about":[{"href":"https:\/\/altosekura.com\/pl\/wp-json\/wp\/v2\/types\/product"}],"wp:featuredmedia":[{"embeddable":true,"href":"https:\/\/altosekura.com\/pl\/wp-json\/wp\/v2\/media\/859"}],"wp:attachment":[{"href":"https:\/\/altosekura.com\/pl\/wp-json\/wp\/v2\/media?parent=858"}],"wp:term":[{"taxonomy":"product_brand","embeddable":true,"href":"https:\/\/altosekura.com\/pl\/wp-json\/wp\/v2\/product_brand?post=858"},{"taxonomy":"product_cat","embeddable":true,"href":"https:\/\/altosekura.com\/pl\/wp-json\/wp\/v2\/product_cat?post=858"},{"taxonomy":"product_tag","embeddable":true,"href":"https:\/\/altosekura.com\/pl\/wp-json\/wp\/v2\/product_tag?post=858"}],"curies":[{"name":"wp","href":"https:\/\/api.w.org\/{rel}","templated":true}]}}