{"id":852,"date":"2024-06-21T13:21:16","date_gmt":"2024-06-21T11:21:16","guid":{"rendered":"https:\/\/altosecura.proadax-dev.pl\/p\/bora-screw\/"},"modified":"2026-03-10T15:58:58","modified_gmt":"2026-03-10T14:58:58","slug":"bora-screw","status":"publish","type":"product","link":"https:\/\/altosekura.com\/pl\/p\/bora-screw\/","title":{"rendered":"BORA screw"},"content":{"rendered":"<p>Bora Screw to aluminiowy karabinek HMS produkcji Singing Rock. Lekki i kompaktowy karabinek jest kuty na gor\u0105co\u00a0dla zwi\u0119kszenia wytrzyma\u0142o\u015bci. Wytrzyma\u0142o\u015b\u0107: 23 kN \/\u00a08 kN\u00a0\/ 8 kN. Prze\u015bwit: 22 mm. Zgodno\u015b\u0107 z norm\u0105:\u00a0EN 362, EN 12275<\/p>\n","protected":false},"excerpt":{"rendered":"<p>Bora Screw to aluminiowy karabinek HMS produkcji Singing Rock. Lekki i kompaktowy karabinek jest kuty na gor\u0105co\u00a0dla zwi\u0119kszenia wytrzyma\u0142o\u015bci. Wytrzyma\u0142o\u015b\u0107:<\/p>\n","protected":false},"featured_media":853,"template":"","meta":[],"product_brand":[],"product_cat":[83],"product_tag":[],"class_list":{"0":"post-852","1":"product","2":"type-product","3":"status-publish","4":"has-post-thumbnail","6":"product_cat-karabinki","7":"pa_blokada-zakrecany","8":"pa_kolor-pomaranczowy-matowy","9":"pa_marka-singing-rock","10":"pa_norma-en-12275","11":"pa_norma-en-362","12":"pa_przeswit-22-mm","13":"pa_rodzaj-karabinka-hms","15":"first","16":"instock","17":"taxable","18":"shipping-taxable","19":"purchasable","20":"product-type-simple"},"_links":{"self":[{"href":"https:\/\/altosekura.com\/pl\/wp-json\/wp\/v2\/product\/852","targetHints":{"allow":["GET"]}}],"collection":[{"href":"https:\/\/altosekura.com\/pl\/wp-json\/wp\/v2\/product"}],"about":[{"href":"https:\/\/altosekura.com\/pl\/wp-json\/wp\/v2\/types\/product"}],"wp:featuredmedia":[{"embeddable":true,"href":"https:\/\/altosekura.com\/pl\/wp-json\/wp\/v2\/media\/853"}],"wp:attachment":[{"href":"https:\/\/altosekura.com\/pl\/wp-json\/wp\/v2\/media?parent=852"}],"wp:term":[{"taxonomy":"product_brand","embeddable":true,"href":"https:\/\/altosekura.com\/pl\/wp-json\/wp\/v2\/product_brand?post=852"},{"taxonomy":"product_cat","embeddable":true,"href":"https:\/\/altosekura.com\/pl\/wp-json\/wp\/v2\/product_cat?post=852"},{"taxonomy":"product_tag","embeddable":true,"href":"https:\/\/altosekura.com\/pl\/wp-json\/wp\/v2\/product_tag?post=852"}],"curies":[{"name":"wp","href":"https:\/\/api.w.org\/{rel}","templated":true}]}}