{"id":850,"date":"2024-06-07T13:21:16","date_gmt":"2024-06-07T11:21:16","guid":{"rendered":"https:\/\/altosecura.proadax-dev.pl\/p\/mini-d\/"},"modified":"2026-03-10T15:59:07","modified_gmt":"2026-03-10T14:59:07","slug":"mini","status":"publish","type":"product","link":"https:\/\/altosekura.com\/pl\/p\/mini\/","title":{"rendered":"MINI"},"content":{"rendered":"<p>Karabinek pomocniczy D\u2013kszta\u0142tny produkcji Singing Rock, w r\u00f3\u017cnych kolorach. Waga: 25 g. Prze\u015bwit 14 mm.<\/p>\n<p><strong>NIE JEST PRZEZNACZONY DO WSPINACZKI !<\/strong><\/p>\n","protected":false},"excerpt":{"rendered":"<p>Karabinek pomocniczy D\u2013kszta\u0142tny produkcji Singing Rock, w r\u00f3\u017cnych kolorach. Waga: 25 g. Prze\u015bwit 14 mm. NIE JEST PRZEZNACZONY DO WSPINACZKI<\/p>\n","protected":false},"featured_media":851,"template":"","meta":[],"product_brand":[],"product_cat":[83],"product_tag":[],"class_list":{"0":"post-850","1":"product","2":"type-product","3":"status-publish","4":"has-post-thumbnail","6":"product_cat-karabinki","7":"pa_marka-singing-rock","8":"pa_przeswit-14-mm","9":"pa_wytrzymalosc-6-kn","11":"first","12":"instock","13":"taxable","14":"shipping-taxable","15":"purchasable","16":"product-type-simple"},"_links":{"self":[{"href":"https:\/\/altosekura.com\/pl\/wp-json\/wp\/v2\/product\/850","targetHints":{"allow":["GET"]}}],"collection":[{"href":"https:\/\/altosekura.com\/pl\/wp-json\/wp\/v2\/product"}],"about":[{"href":"https:\/\/altosekura.com\/pl\/wp-json\/wp\/v2\/types\/product"}],"wp:featuredmedia":[{"embeddable":true,"href":"https:\/\/altosekura.com\/pl\/wp-json\/wp\/v2\/media\/851"}],"wp:attachment":[{"href":"https:\/\/altosekura.com\/pl\/wp-json\/wp\/v2\/media?parent=850"}],"wp:term":[{"taxonomy":"product_brand","embeddable":true,"href":"https:\/\/altosekura.com\/pl\/wp-json\/wp\/v2\/product_brand?post=850"},{"taxonomy":"product_cat","embeddable":true,"href":"https:\/\/altosekura.com\/pl\/wp-json\/wp\/v2\/product_cat?post=850"},{"taxonomy":"product_tag","embeddable":true,"href":"https:\/\/altosekura.com\/pl\/wp-json\/wp\/v2\/product_tag?post=850"}],"curies":[{"name":"wp","href":"https:\/\/api.w.org\/{rel}","templated":true}]}}