{"id":846,"date":"2024-06-06T13:21:16","date_gmt":"2024-06-06T11:21:16","guid":{"rendered":"https:\/\/altosecura.proadax-dev.pl\/p\/mini-d-screw\/"},"modified":"2026-03-10T15:59:07","modified_gmt":"2026-03-10T14:59:07","slug":"mini-d-screw","status":"publish","type":"product","link":"https:\/\/altosekura.com\/pl\/p\/mini-d-screw\/","title":{"rendered":"MINI D screw"},"content":{"rendered":"<p>Karabinek pomocniczy D\u2013kszta\u0142tny produkcji Singing Rock,, wytrzyma\u0142o\u015b\u0107 3 kN. Waga: 25 g, prze\u015bwit 12 mm<\/p>\n<p><strong>NIE JEST PRZEZNACZONY DO WSPINACZKI !<\/strong><\/p>\n","protected":false},"excerpt":{"rendered":"<p>Karabinek pomocniczy D\u2013kszta\u0142tny produkcji Singing Rock,, wytrzyma\u0142o\u015b\u0107 3 kN. Waga: 25 g, prze\u015bwit 12 mm NIE JEST PRZEZNACZONY DO WSPINACZKI<\/p>\n","protected":false},"featured_media":847,"template":"","meta":[],"product_brand":[],"product_cat":[83],"product_tag":[],"class_list":{"0":"post-846","1":"product","2":"type-product","3":"status-publish","4":"has-post-thumbnail","6":"product_cat-karabinki","7":"pa_blokada-zakrecany","8":"pa_kolor-czarny","9":"pa_marka-singing-rock","10":"pa_przeswit-12-mm","11":"pa_wytrzymalosc-3-kn","13":"first","14":"instock","15":"taxable","16":"shipping-taxable","17":"purchasable","18":"product-type-simple"},"_links":{"self":[{"href":"https:\/\/altosekura.com\/pl\/wp-json\/wp\/v2\/product\/846","targetHints":{"allow":["GET"]}}],"collection":[{"href":"https:\/\/altosekura.com\/pl\/wp-json\/wp\/v2\/product"}],"about":[{"href":"https:\/\/altosekura.com\/pl\/wp-json\/wp\/v2\/types\/product"}],"wp:featuredmedia":[{"embeddable":true,"href":"https:\/\/altosekura.com\/pl\/wp-json\/wp\/v2\/media\/847"}],"wp:attachment":[{"href":"https:\/\/altosekura.com\/pl\/wp-json\/wp\/v2\/media?parent=846"}],"wp:term":[{"taxonomy":"product_brand","embeddable":true,"href":"https:\/\/altosekura.com\/pl\/wp-json\/wp\/v2\/product_brand?post=846"},{"taxonomy":"product_cat","embeddable":true,"href":"https:\/\/altosekura.com\/pl\/wp-json\/wp\/v2\/product_cat?post=846"},{"taxonomy":"product_tag","embeddable":true,"href":"https:\/\/altosekura.com\/pl\/wp-json\/wp\/v2\/product_tag?post=846"}],"curies":[{"name":"wp","href":"https:\/\/api.w.org\/{rel}","templated":true}]}}