{"id":844,"date":"2024-06-19T13:21:16","date_gmt":"2024-06-19T11:21:16","guid":{"rendered":"https:\/\/altosecura.proadax-dev.pl\/p\/joule\/"},"modified":"2026-03-10T15:59:05","modified_gmt":"2026-03-10T14:59:05","slug":"joule","status":"publish","type":"product","link":"https:\/\/altosekura.com\/pl\/p\/joule\/","title":{"rendered":"Joule"},"content":{"rendered":"<p>Amortyzator si\u0142y po upadku Joule produkcji Singing Rock, to optymalne rozwi\u0105zanie zabezpieczaj\u0105ce pracuj\u0105cych przy poziomych konstrukcjach, pochy\u0142ych p\u0142aszczyznach i dachach. Joule aktywuje si\u0119 przy obci\u0105\u017ceniu 2 kN (200 kg). Wytrzyma\u0142o\u015b\u0107 po zerwaniu wynosi 15 kN. JOULE mo\u017cna u\u017cywa\u0107 z przyrz\u0105dem LOCKER, w sytuacji kt\u00f3ra wymaga wi\u0119kszej odleg\u0142o\u015bci od por\u0119cz\u00f3wki asekuracyjnej. Zgodno\u015b\u0107 z norm\u0105:\u00a0CE 1019, EN 355<\/p>\n","protected":false},"excerpt":{"rendered":"<p>Amortyzator si\u0142y po upadku Joule produkcji Singing Rock, to optymalne rozwi\u0105zanie zabezpieczaj\u0105ce pracuj\u0105cych przy poziomych konstrukcjach, pochy\u0142ych p\u0142aszczyznach i dachach.<\/p>\n","protected":false},"featured_media":845,"template":"","meta":[],"product_brand":[],"product_cat":[85],"product_tag":[],"class_list":{"0":"post-844","1":"product","2":"type-product","3":"status-publish","4":"has-post-thumbnail","6":"product_cat-amortyzatory","7":"pa_kolor-zolty","8":"pa_marka-singing-rock","9":"pa_norma-ce-1019","10":"pa_norma-en-355","12":"first","13":"instock","14":"taxable","15":"shipping-taxable","16":"purchasable","17":"product-type-variable"},"_links":{"self":[{"href":"https:\/\/altosekura.com\/pl\/wp-json\/wp\/v2\/product\/844","targetHints":{"allow":["GET"]}}],"collection":[{"href":"https:\/\/altosekura.com\/pl\/wp-json\/wp\/v2\/product"}],"about":[{"href":"https:\/\/altosekura.com\/pl\/wp-json\/wp\/v2\/types\/product"}],"wp:featuredmedia":[{"embeddable":true,"href":"https:\/\/altosekura.com\/pl\/wp-json\/wp\/v2\/media\/845"}],"wp:attachment":[{"href":"https:\/\/altosekura.com\/pl\/wp-json\/wp\/v2\/media?parent=844"}],"wp:term":[{"taxonomy":"product_brand","embeddable":true,"href":"https:\/\/altosekura.com\/pl\/wp-json\/wp\/v2\/product_brand?post=844"},{"taxonomy":"product_cat","embeddable":true,"href":"https:\/\/altosekura.com\/pl\/wp-json\/wp\/v2\/product_cat?post=844"},{"taxonomy":"product_tag","embeddable":true,"href":"https:\/\/altosekura.com\/pl\/wp-json\/wp\/v2\/product_tag?post=844"}],"curies":[{"name":"wp","href":"https:\/\/api.w.org\/{rel}","templated":true}]}}