{"id":837,"date":"2024-06-27T13:21:16","date_gmt":"2024-06-27T11:21:16","guid":{"rendered":"https:\/\/altosecura.proadax-dev.pl\/p\/steel-anchor-i\/"},"modified":"2026-03-10T15:59:13","modified_gmt":"2026-03-10T14:59:13","slug":"steel-anchor-i","status":"publish","type":"product","link":"https:\/\/altosekura.com\/pl\/p\/steel-anchor-i\/","title":{"rendered":"Steel anchor &#8222;I&#8221;"},"content":{"rendered":"<p>Steel Anchor &#8222;I&#8221; produkcji Singing Rock wykonana jest z liny ze stali ocynkowanej. Jest niezwykle przydatna podczas prac wysoko\u015bciowych, jak i manewr\u00f3w czy akcji ratowniczych. To \u015bwietna propozycja szczeg\u00f3lnie do u\u017cytku na konstrukcjach o profilach okr\u0105g\u0142ych jak i k\u0105towych. Dlatego tam, gdzie nie mo\u017cna u\u017cy\u0107 zwyk\u0142ych lin lub ta\u015bm, stalowe zawiesie jest nieodzowne. Posiada podwy\u017cszona odporno\u015b\u0107 na uszkodzenia mechaniczne. Dlatego producent poleca zawiesie jako niezb\u0119dny element wyposa\u017cenia wysoko\u015bciowych pilarzy lub spawaczy. Dzi\u0119ki swojej budowie mo\u017ce by\u0107 u\u017cywane tak\u017ce, jako p\u0119tla czy linka opasuj\u0105ca. Jednym z kolejnych zastosowa\u0144 jest u\u017cycie go jako cz\u0119\u015b\u0107 systemu zapobiegaj\u0105cego upadkom z wysoko\u015bci. Stal ma du\u017c\u0105 odporno\u015b\u0107 na wysokie temperatury, i dlatego doskonale sprawdzi si\u0119 jako punkt kotwi\u0105cy. D\u0142ugo\u015bci: 3, 5 m. Odpowiadaj\u0105ce d\u0142ugo\u015bciom kolory: \u017c\u00f3\u0142ty, zielony. Zgodno\u015b\u0107 z norm\u0105: PN-EN 795B<\/p>\n","protected":false},"excerpt":{"rendered":"<p>Steel Anchor &#8222;I&#8221; produkcji Singing Rock wykonana jest z liny ze stali ocynkowanej. Jest niezwykle przydatna podczas prac wysoko\u015bciowych, jak<\/p>\n","protected":false},"featured_media":838,"template":"","meta":[],"product_brand":[],"product_cat":[90],"product_tag":[],"class_list":{"0":"post-837","1":"product","2":"type-product","3":"status-publish","4":"has-post-thumbnail","6":"product_cat-petle-tasmy-zaczepy-linkowe","7":"pa_kolor-zielony","8":"pa_kolor-zolty","9":"pa_marka-singing-rock","10":"pa_norma-pn-en-795b","12":"first","13":"instock","14":"taxable","15":"shipping-taxable","16":"product-type-variable","17":"has-default-attributes"},"_links":{"self":[{"href":"https:\/\/altosekura.com\/pl\/wp-json\/wp\/v2\/product\/837","targetHints":{"allow":["GET"]}}],"collection":[{"href":"https:\/\/altosekura.com\/pl\/wp-json\/wp\/v2\/product"}],"about":[{"href":"https:\/\/altosekura.com\/pl\/wp-json\/wp\/v2\/types\/product"}],"wp:featuredmedia":[{"embeddable":true,"href":"https:\/\/altosekura.com\/pl\/wp-json\/wp\/v2\/media\/838"}],"wp:attachment":[{"href":"https:\/\/altosekura.com\/pl\/wp-json\/wp\/v2\/media?parent=837"}],"wp:term":[{"taxonomy":"product_brand","embeddable":true,"href":"https:\/\/altosekura.com\/pl\/wp-json\/wp\/v2\/product_brand?post=837"},{"taxonomy":"product_cat","embeddable":true,"href":"https:\/\/altosekura.com\/pl\/wp-json\/wp\/v2\/product_cat?post=837"},{"taxonomy":"product_tag","embeddable":true,"href":"https:\/\/altosekura.com\/pl\/wp-json\/wp\/v2\/product_tag?post=837"}],"curies":[{"name":"wp","href":"https:\/\/api.w.org\/{rel}","templated":true}]}}