{"id":828,"date":"2024-06-26T13:21:16","date_gmt":"2024-06-26T11:21:16","guid":{"rendered":"https:\/\/altosecura.proadax-dev.pl\/p\/fine-line\/"},"modified":"2026-03-10T15:59:02","modified_gmt":"2026-03-10T14:59:02","slug":"fine-line","status":"publish","type":"product","link":"https:\/\/altosekura.com\/pl\/p\/fine-line\/","title":{"rendered":"Fine line"},"content":{"rendered":"<p>FINE LINE to tymczasowy system asekuracji. W sytuacji, gdzie na czas np. kr\u00f3tkotrwa\u0142ego monta\u017cu musi zosta\u0107 zainstalowany system asekuracji poziomej. Systemy poziome asekuracji to rozwi\u0105zanie dla pracuj\u0105cych na dachach p\u0142askich i o niedu\u017cym k\u0105cie nachylenia jak i poziomych konstrukcjach. Poniewa\u017c podczas wyhamowania upadku powstaj\u0105 du\u017ce si\u0142y dynamiczne, dlatego konieczne jest stosowanie absorber\u00f3w energii wraz z kompletn\u0105 uprz\u0119\u017c\u0105. Uprz\u0105\u017c musi spe\u0142nia\u0107 norm\u0119 EN 361. Por\u0119cz\u00f3wka FINE LINE przeznaczona dla asekuracji dw\u00f3ch os\u00f3b jednocze\u015bnie. Punkty kotwiczne do kt\u00f3rych mocowane s\u0105 ko\u0144ce por\u0119cz\u00f3wki musz\u0105 posiada\u0107 wytrzyma\u0142o\u015b\u0107 minimum 15 kN. Poniewa\u017c por\u0119cz\u00f3wka ma system zapadkowy na jednym z ko\u0144c\u00f3w, dlatego jest niezwykle prosta w monta\u017cu i nie niszczy ta\u015bmy no\u015bnej. Zgodno\u015b\u0107 z norm\u0105: PN-EN 795B<\/p>\n","protected":false},"excerpt":{"rendered":"<p>FINE LINE to tymczasowy system asekuracji. W sytuacji, gdzie na czas np. kr\u00f3tkotrwa\u0142ego monta\u017cu musi zosta\u0107 zainstalowany system asekuracji poziomej.<\/p>\n","protected":false},"featured_media":829,"template":"","meta":[],"product_brand":[],"product_cat":[91,100],"product_tag":[],"class_list":{"0":"post-828","1":"product","2":"type-product","3":"status-publish","4":"has-post-thumbnail","6":"product_cat-poziome-liny-kotwiczace","7":"product_cat-urzadzenia-dla-budownictwa","8":"pa_marka-singing-rock","9":"pa_norma-pn-en-795b","10":"pa_przeznaczenie-ochrona-przed-upadkiem-z-wysokosci","12":"first","13":"instock","14":"taxable","15":"shipping-taxable","16":"purchasable","17":"product-type-variable"},"_links":{"self":[{"href":"https:\/\/altosekura.com\/pl\/wp-json\/wp\/v2\/product\/828","targetHints":{"allow":["GET"]}}],"collection":[{"href":"https:\/\/altosekura.com\/pl\/wp-json\/wp\/v2\/product"}],"about":[{"href":"https:\/\/altosekura.com\/pl\/wp-json\/wp\/v2\/types\/product"}],"wp:featuredmedia":[{"embeddable":true,"href":"https:\/\/altosekura.com\/pl\/wp-json\/wp\/v2\/media\/829"}],"wp:attachment":[{"href":"https:\/\/altosekura.com\/pl\/wp-json\/wp\/v2\/media?parent=828"}],"wp:term":[{"taxonomy":"product_brand","embeddable":true,"href":"https:\/\/altosekura.com\/pl\/wp-json\/wp\/v2\/product_brand?post=828"},{"taxonomy":"product_cat","embeddable":true,"href":"https:\/\/altosekura.com\/pl\/wp-json\/wp\/v2\/product_cat?post=828"},{"taxonomy":"product_tag","embeddable":true,"href":"https:\/\/altosekura.com\/pl\/wp-json\/wp\/v2\/product_tag?post=828"}],"curies":[{"name":"wp","href":"https:\/\/api.w.org\/{rel}","templated":true}]}}