{"id":824,"date":"2024-06-26T13:21:16","date_gmt":"2024-06-26T11:21:16","guid":{"rendered":"https:\/\/altosecura.proadax-dev.pl\/p\/lara\/"},"modified":"2026-03-10T15:59:09","modified_gmt":"2026-03-10T14:59:09","slug":"patron-lanyard","status":"publish","type":"product","link":"https:\/\/altosekura.com\/pl\/p\/patron-lanyard\/","title":{"rendered":"PATRON LANYARD"},"content":{"rendered":"<p>Lon\u017ca z liny dynamicznej LARA produkcji Singing Rock. Lon\u017ca stanowiskowa do pracy na wysoko\u015bci, wykonana z liny dynamicznej. Jej mo\u017cliwo\u015bci poch\u0142aniania energii znacznie zmniejszaj\u0105 si\u0142\u0119 uderzenia, jednak LARA NIE JEST amortyzatorem. LARA zosta\u0142a przetestowana zgodnie z norm\u0105 EN 354 dla linek bezpiecze\u0144stwa oraz zgodnie z norm\u0105 EN 795B dla urz\u0105dze\u0144 kotwicz\u0105cych. Na obu ko\u0144cach liny znajduj\u0105 si\u0119 przeszyte p\u0119tle do wpi\u0119cia karabinka. Szew jest chroniony plastikow\u0105 os\u0142onk\u0105. Zaleca si\u0119 stosowanie do montowania lon\u017cy karabink\u00f3w, kt\u00f3re nie przesuwaj\u0105 si\u0119 w p\u0119tli i s\u0105 stale gotowe do u\u017cytku. LARA stanowi cz\u0119\u015b\u0107 systemu zabezpieczaj\u0105cego przed upadkiem z wysoko\u015bci i nale\u017cy z niej odpowiednio korzysta\u0107. UWAGA: Lon\u017ca LARA nie mo\u017ce by\u0107 stosowana jako absorber energii! Wytrzyma\u0142o\u015b\u0107: 22 kN, d\u0142ugo\u015bci: 60, 80, 120, 150 cm Zgodno\u015b\u0107 z norm\u0105: CE 1019, EN 354, EN 795 B<\/p>\n","protected":false},"excerpt":{"rendered":"<p>Lon\u017ca z liny dynamicznej LARA produkcji Singing Rock. Lon\u017ca stanowiskowa do pracy na wysoko\u015bci, wykonana z liny dynamicznej. Jej mo\u017cliwo\u015bci<\/p>\n","protected":false},"featured_media":3001,"template":"","meta":[],"product_brand":[],"product_cat":[90,99],"product_tag":[],"class_list":{"0":"post-824","1":"product","2":"type-product","3":"status-publish","4":"has-post-thumbnail","6":"product_cat-petle-tasmy-zaczepy-linkowe","7":"product_cat-wyprzedaz","8":"pa_marka-singing-rock","9":"pa_norma-ce-1019","10":"pa_norma-en-354","11":"pa_norma-en-795-b","12":"pa_srednica-11-mm","13":"pa_wytrzymalosc-22-kn","15":"first","16":"instock","17":"sale","18":"taxable","19":"shipping-taxable","20":"purchasable","21":"product-type-variable"},"_links":{"self":[{"href":"https:\/\/altosekura.com\/pl\/wp-json\/wp\/v2\/product\/824","targetHints":{"allow":["GET"]}}],"collection":[{"href":"https:\/\/altosekura.com\/pl\/wp-json\/wp\/v2\/product"}],"about":[{"href":"https:\/\/altosekura.com\/pl\/wp-json\/wp\/v2\/types\/product"}],"wp:featuredmedia":[{"embeddable":true,"href":"https:\/\/altosekura.com\/pl\/wp-json\/wp\/v2\/media\/3001"}],"wp:attachment":[{"href":"https:\/\/altosekura.com\/pl\/wp-json\/wp\/v2\/media?parent=824"}],"wp:term":[{"taxonomy":"product_brand","embeddable":true,"href":"https:\/\/altosekura.com\/pl\/wp-json\/wp\/v2\/product_brand?post=824"},{"taxonomy":"product_cat","embeddable":true,"href":"https:\/\/altosekura.com\/pl\/wp-json\/wp\/v2\/product_cat?post=824"},{"taxonomy":"product_tag","embeddable":true,"href":"https:\/\/altosekura.com\/pl\/wp-json\/wp\/v2\/product_tag?post=824"}],"curies":[{"name":"wp","href":"https:\/\/api.w.org\/{rel}","templated":true}]}}