{"id":818,"date":"2024-05-14T13:21:16","date_gmt":"2024-05-14T11:21:16","guid":{"rendered":"https:\/\/altosecura.proadax-dev.pl\/p\/lanyard-i\/"},"modified":"2026-03-10T15:59:05","modified_gmt":"2026-03-10T14:59:05","slug":"lanyard-i","status":"publish","type":"product","link":"https:\/\/altosekura.com\/pl\/p\/lanyard-i\/","title":{"rendered":"LANYARD &#8222;I&#8221;"},"content":{"rendered":"<p>Lon\u017ca LANYARD I produkcji Singing Rock to lon\u017ca kotwi\u0105ca z liny statycznej ma zszyte oczka na obu ko\u0144cach. Z zwi\u0105zku z tym \u017ce spe\u0142nia norm\u0119 EN 354 dla lon\u017cy jak i norm\u0119 EN 795B dla punkt\u00f3w kotwicz\u0105cych, ma uniwersalne zastosowanie. Ko\u0144c\u00f3wki lon\u017cy maj\u0105 podw\u00f3jn\u0105 os\u0142on\u0119. Jedn\u0105 kt\u00f3ra zapewnia ochron\u0119 przed przetarciem szw\u00f3w a druga to ta\u015bma rurowa kt\u00f3ra oplata lin\u0119. Os\u0142ony oczek liny posiadaj\u0105 r\u00f3\u017cne kolory, dlatego u\u0142atwiaj\u0105 wzrokow\u0105 identyfikacje d\u0142ugo\u015bci lon\u017cy. SINGING ROCK zaleca do lon\u017cy u\u017cywanie karabink\u00f3w z elementem uniemo\u017cliwiaj\u0105cym jego obracanie si\u0119 w oczku. Zaleca stosowanie karabink\u00f3w takich jak np. HECTOR BC, BORA GP. Wytrzyma\u0142o\u015b\u0107: 22 kN. Zgodno\u015b\u0107 z norm\u0105: PN-EN 354, PN- 795 B<\/p>\n<ul>\n<li>D\u0142ugo\u015b\u0107 60 cm \u2022 kolor \u017c\u00f3\u0142ty<\/li>\n<li>D\u0142ugo\u015b\u0107 80 cm \u2022 kolor niebieski<\/li>\n<li>D\u0142ugo\u015b\u0107 120 cm \u2022 kolor czerwony<\/li>\n<li>D\u0142ugo\u015b\u0107 150 cm \u2022 kolor czarny<\/li>\n<\/ul>\n<p>&nbsp;<\/p>\n","protected":false},"excerpt":{"rendered":"<p>Lon\u017ca LANYARD I produkcji Singing Rock to lon\u017ca kotwi\u0105ca z liny statycznej ma zszyte oczka na obu ko\u0144cach. Z zwi\u0105zku<\/p>\n","protected":false},"featured_media":819,"template":"","meta":[],"product_brand":[],"product_cat":[86],"product_tag":[],"class_list":{"0":"post-818","1":"product","2":"type-product","3":"status-publish","4":"has-post-thumbnail","6":"product_cat-linki-bezpieczenstwa","7":"pa_kolor-czarny","8":"pa_kolor-niebieski","9":"pa_marka-singing-rock","10":"pa_norma-en-354","11":"pa_norma-pn-en-795b","12":"pa_wytrzymalosc-22-kn","14":"first","15":"instock","16":"sale","17":"taxable","18":"shipping-taxable","19":"purchasable","20":"product-type-variable"},"_links":{"self":[{"href":"https:\/\/altosekura.com\/pl\/wp-json\/wp\/v2\/product\/818","targetHints":{"allow":["GET"]}}],"collection":[{"href":"https:\/\/altosekura.com\/pl\/wp-json\/wp\/v2\/product"}],"about":[{"href":"https:\/\/altosekura.com\/pl\/wp-json\/wp\/v2\/types\/product"}],"wp:featuredmedia":[{"embeddable":true,"href":"https:\/\/altosekura.com\/pl\/wp-json\/wp\/v2\/media\/819"}],"wp:attachment":[{"href":"https:\/\/altosekura.com\/pl\/wp-json\/wp\/v2\/media?parent=818"}],"wp:term":[{"taxonomy":"product_brand","embeddable":true,"href":"https:\/\/altosekura.com\/pl\/wp-json\/wp\/v2\/product_brand?post=818"},{"taxonomy":"product_cat","embeddable":true,"href":"https:\/\/altosekura.com\/pl\/wp-json\/wp\/v2\/product_cat?post=818"},{"taxonomy":"product_tag","embeddable":true,"href":"https:\/\/altosekura.com\/pl\/wp-json\/wp\/v2\/product_tag?post=818"}],"curies":[{"name":"wp","href":"https:\/\/api.w.org\/{rel}","templated":true}]}}