{"id":816,"date":"2024-05-14T13:21:16","date_gmt":"2024-05-14T11:21:16","guid":{"rendered":"https:\/\/altosecura.proadax-dev.pl\/p\/lanyard-v\/"},"modified":"2026-03-10T15:59:04","modified_gmt":"2026-03-10T14:59:04","slug":"lanyard-v","status":"publish","type":"product","link":"https:\/\/altosekura.com\/pl\/p\/lanyard-v\/","title":{"rendered":"Lanyard &#8222;V&#8221; 100\/100"},"content":{"rendered":"<p>Lon\u017ca LANYARD V produkcji Singing Rock z liny statycznej z ramionami, ma zszyte oczka na obu ko\u0144cach oraz jedne jako centralne. Ko\u0144c\u00f3wki lon\u017cy maj\u0105 podw\u00f3jn\u0105 os\u0142on\u0119. Jedn\u0105 kt\u00f3ra zapewnia ochron\u0119 przed przetarciem szw\u00f3w a druga to ta\u015bma rurowa kt\u00f3ra oplata lin\u0119. Centralny punkt wpi\u0119cia ma tylko os\u0142on\u0119 szw\u00f3w. Os\u0142ony oczek liny posiadaj\u0105 r\u00f3\u017cne kolory, dlatego u\u0142atwiaj\u0105 wzrokow\u0105 identyfikacje d\u0142ugo\u015bci lon\u017cy. Zaleca si\u0119 do lon\u017cy u\u017cywanie karabink\u00f3w z elementem uniemo\u017cliwiaj\u0105cym jego obracanie si\u0119 w oczku. Zaleca stosowanie karabink\u00f3w takich jak np. HECTOR BC, BORA GP. Wytrzyma\u0142o\u015b\u0107: 22 kN. Zgodno\u015b\u0107 z norm\u0105: PN-EN 354<\/p>\n","protected":false},"excerpt":{"rendered":"<p>Lon\u017ca LANYARD V produkcji Singing Rock z liny statycznej z ramionami, ma zszyte oczka na obu ko\u0144cach oraz jedne jako<\/p>\n","protected":false},"featured_media":817,"template":"","meta":[],"product_brand":[],"product_cat":[86],"product_tag":[],"class_list":{"0":"post-816","1":"product","2":"type-product","3":"status-publish","4":"has-post-thumbnail","6":"product_cat-linki-bezpieczenstwa","7":"pa_kolor-czerwony","8":"pa_marka-singing-rock","9":"pa_norma-en-354","10":"pa_wytrzymalosc-22-kn","12":"first","13":"instock","14":"sale","15":"taxable","16":"shipping-taxable","17":"purchasable","18":"product-type-simple"},"_links":{"self":[{"href":"https:\/\/altosekura.com\/pl\/wp-json\/wp\/v2\/product\/816","targetHints":{"allow":["GET"]}}],"collection":[{"href":"https:\/\/altosekura.com\/pl\/wp-json\/wp\/v2\/product"}],"about":[{"href":"https:\/\/altosekura.com\/pl\/wp-json\/wp\/v2\/types\/product"}],"wp:featuredmedia":[{"embeddable":true,"href":"https:\/\/altosekura.com\/pl\/wp-json\/wp\/v2\/media\/817"}],"wp:attachment":[{"href":"https:\/\/altosekura.com\/pl\/wp-json\/wp\/v2\/media?parent=816"}],"wp:term":[{"taxonomy":"product_brand","embeddable":true,"href":"https:\/\/altosekura.com\/pl\/wp-json\/wp\/v2\/product_brand?post=816"},{"taxonomy":"product_cat","embeddable":true,"href":"https:\/\/altosekura.com\/pl\/wp-json\/wp\/v2\/product_cat?post=816"},{"taxonomy":"product_tag","embeddable":true,"href":"https:\/\/altosekura.com\/pl\/wp-json\/wp\/v2\/product_tag?post=816"}],"curies":[{"name":"wp","href":"https:\/\/api.w.org\/{rel}","templated":true}]}}