{"id":804,"date":"2024-06-30T13:21:16","date_gmt":"2024-06-30T11:21:16","guid":{"rendered":"https:\/\/altosecura.proadax-dev.pl\/p\/eye-sling\/"},"modified":"2026-03-10T15:59:00","modified_gmt":"2026-03-10T14:59:00","slug":"eye-sling","status":"publish","type":"product","link":"https:\/\/altosekura.com\/pl\/p\/eye-sling\/","title":{"rendered":"Eye Sling"},"content":{"rendered":"<p>Zaczep ta\u015bmowy EYE SLING produkcji Singing Rock to wytrzyma\u0142a ta\u015bma z dw\u00f3ch przeszytych warstw. Wytrzyma\u0142o\u015b\u0107: 30 kN. Szeroko\u015b\u0107: 20 mm. Zgodno\u015b\u0107 z norm\u0105: CE 1019, EN 354, EN 795 B<\/p>\n<ul>\n<li>D\u0142ugo\u015b\u0107 60 cm \u2022 kolor \u017c\u00f3\u0142ty<\/li>\n<li>D\u0142ugo\u015b\u0107 80 cm \u2022 kolor niebieski<\/li>\n<li>D\u0142ugo\u015b\u0107 120 cm \u2022 kolor czerwony<\/li>\n<li>D\u0142ugo\u015b\u0107 150 cm \u2022 kolor bia\u0142y<\/li>\n<\/ul>\n<p>&nbsp;<\/p>\n","protected":false},"excerpt":{"rendered":"<p>Zaczep ta\u015bmowy EYE SLING produkcji Singing Rock to wytrzyma\u0142a ta\u015bma z dw\u00f3ch przeszytych warstw. Wytrzyma\u0142o\u015b\u0107: 30 kN. Szeroko\u015b\u0107: 20 mm.<\/p>\n","protected":false},"featured_media":805,"template":"","meta":[],"product_brand":[],"product_cat":[90],"product_tag":[],"class_list":{"0":"post-804","1":"product","2":"type-product","3":"status-publish","4":"has-post-thumbnail","6":"product_cat-petle-tasmy-zaczepy-linkowe","7":"pa_kolor-bialy","8":"pa_kolor-czerwony","9":"pa_kolor-niebieski","10":"pa_kolor-zolty","11":"pa_marka-singing-rock","12":"pa_norma-ce-1019","13":"pa_norma-en-354","14":"pa_norma-en-795-b","15":"pa_wytrzymalosc-30-kn","17":"first","18":"instock","19":"taxable","20":"shipping-taxable","21":"purchasable","22":"product-type-variable"},"_links":{"self":[{"href":"https:\/\/altosekura.com\/pl\/wp-json\/wp\/v2\/product\/804","targetHints":{"allow":["GET"]}}],"collection":[{"href":"https:\/\/altosekura.com\/pl\/wp-json\/wp\/v2\/product"}],"about":[{"href":"https:\/\/altosekura.com\/pl\/wp-json\/wp\/v2\/types\/product"}],"wp:featuredmedia":[{"embeddable":true,"href":"https:\/\/altosekura.com\/pl\/wp-json\/wp\/v2\/media\/805"}],"wp:attachment":[{"href":"https:\/\/altosekura.com\/pl\/wp-json\/wp\/v2\/media?parent=804"}],"wp:term":[{"taxonomy":"product_brand","embeddable":true,"href":"https:\/\/altosekura.com\/pl\/wp-json\/wp\/v2\/product_brand?post=804"},{"taxonomy":"product_cat","embeddable":true,"href":"https:\/\/altosekura.com\/pl\/wp-json\/wp\/v2\/product_cat?post=804"},{"taxonomy":"product_tag","embeddable":true,"href":"https:\/\/altosekura.com\/pl\/wp-json\/wp\/v2\/product_tag?post=804"}],"curies":[{"name":"wp","href":"https:\/\/api.w.org\/{rel}","templated":true}]}}