{"id":798,"date":"2024-06-29T13:20:26","date_gmt":"2024-06-29T11:20:26","guid":{"rendered":"https:\/\/altosecura.proadax-dev.pl\/p\/open-sling\/"},"modified":"2026-04-18T16:05:21","modified_gmt":"2026-04-18T14:05:21","slug":"open-sling","status":"publish","type":"product","link":"https:\/\/altosekura.com\/pl\/p\/open-sling\/","title":{"rendered":"Open Sling"},"content":{"rendered":"<p>Ta\u015bma stanowiskowa Open Sling produkcji Singing Rock to p\u0119tla asekuracyjna zamkni\u0119ta jest doskona\u0142ym rozwi\u0105zaniem na pewny punkt stanowiskowy. Wytrzyma\u0142o\u015b\u0107: 22kN. Zgodno\u015b\u0107 z norm\u0105: CE0123, EN 795B EN 566 EN 354<\/p>\n<ul>\n<li>D\u0142ugo\u015b\u0107 60 cm \u2022 kolor \u017c\u00f3\u0142ty<\/li>\n<li>D\u0142ugo\u015b\u0107 80 cm \u2022 kolor niebieski<\/li>\n<li>D\u0142ugo\u015b\u0107 120 cm \u2022 kolor czerwony<\/li>\n<li>D\u0142ugo\u015b\u0107 150 cm \u2022 kolor czarny<\/li>\n<\/ul>\n","protected":false},"excerpt":{"rendered":"<p>Ta\u015bma stanowiskowa Open Sling produkcji Singing Rock to p\u0119tla asekuracyjna zamkni\u0119ta jest doskona\u0142ym rozwi\u0105zaniem na pewny punkt stanowiskowy. Wytrzyma\u0142o\u015b\u0107: 22kN.<\/p>\n","protected":false},"featured_media":10538,"template":"","meta":[],"product_brand":[],"product_cat":[90],"product_tag":[],"class_list":{"0":"post-798","1":"product","2":"type-product","3":"status-publish","4":"has-post-thumbnail","6":"product_cat-petle-tasmy-zaczepy-linkowe","7":"pa_kolor-czarny","8":"pa_kolor-czerwony","9":"pa_kolor-niebieski","10":"pa_kolor-zolty","11":"pa_marka-singing-rock","12":"pa_norma-ce-0123","13":"pa_norma-en-354","14":"pa_norma-en-566","15":"pa_norma-en-795-b","16":"pa_wytrzymalosc-22-kn","18":"first","19":"instock","20":"taxable","21":"shipping-taxable","22":"purchasable","23":"product-type-variable"},"_links":{"self":[{"href":"https:\/\/altosekura.com\/pl\/wp-json\/wp\/v2\/product\/798","targetHints":{"allow":["GET"]}}],"collection":[{"href":"https:\/\/altosekura.com\/pl\/wp-json\/wp\/v2\/product"}],"about":[{"href":"https:\/\/altosekura.com\/pl\/wp-json\/wp\/v2\/types\/product"}],"wp:featuredmedia":[{"embeddable":true,"href":"https:\/\/altosekura.com\/pl\/wp-json\/wp\/v2\/media\/10538"}],"wp:attachment":[{"href":"https:\/\/altosekura.com\/pl\/wp-json\/wp\/v2\/media?parent=798"}],"wp:term":[{"taxonomy":"product_brand","embeddable":true,"href":"https:\/\/altosekura.com\/pl\/wp-json\/wp\/v2\/product_brand?post=798"},{"taxonomy":"product_cat","embeddable":true,"href":"https:\/\/altosekura.com\/pl\/wp-json\/wp\/v2\/product_cat?post=798"},{"taxonomy":"product_tag","embeddable":true,"href":"https:\/\/altosekura.com\/pl\/wp-json\/wp\/v2\/product_tag?post=798"}],"curies":[{"name":"wp","href":"https:\/\/api.w.org\/{rel}","templated":true}]}}