{"id":759,"date":"2024-06-28T13:20:26","date_gmt":"2024-06-28T11:20:26","guid":{"rendered":"https:\/\/altosecura.proadax-dev.pl\/p\/vertex-vent\/"},"modified":"2026-03-10T15:59:15","modified_gmt":"2026-03-10T14:59:15","slug":"vertex-vent","status":"publish","type":"product","link":"https:\/\/altosekura.com\/pl\/p\/vertex-vent\/","title":{"rendered":"VERTEX VENT"},"content":{"rendered":"<p>Lekki kask z piank\u0105 zapewniaj\u0105c\u0105 komfort produkcji Petzl. Wygodna i komfortowa regulacja. Posiada otwory wentylacyjne oraz boczne szczeliny do montowania os\u0142on s\u0142uchu. Mo\u017cliwo\u015b\u0107 zamocowania os\u0142ony Petzl Vizir.\u00a0Posiada otw\u00f3r do mocowania czo\u0142\u00f3wki Petzl Pixa. Klamra paska pod brod\u0105\u00a0\u00a0jest opracowana w taki spos\u00f3b, by ograniczy\u0107 ryzyko utraty kasku podczas upadku z wysoko\u015bci. Wewn\u0119trzne ta\u015bmy tekstylne z sze\u015bcioma punktami mocowania zapewniaj\u0105 polepszony komfort. Absorpcja uderze\u0144 odbywa si\u0119 przez deformacj\u0119 skorupy. System regulacji CenterFit zapewnia wycentrowanie kasku na g\u0142owie i optymalny uchwyt. Otwory z przesuwanymi od zewn\u0105trz zatyczkami umo\u017cliwiaj\u0105 dostosowanie wentylacji w zale\u017cno\u015bci od warunk\u00f3w u\u017cytkowania. Boczne szczeliny do montowania os\u0142on s\u0142uchu. Otwory do zamocowania os\u0142ony VIZIR. Otw\u00f3r do mocowania latarki czo\u0142owej PIXA. Cztery zaczepy do mocowania latarki czo\u0142owej z opask\u0105 elastyczn\u0105. Klamra paska pod brod\u0105 opracowana w taki spos\u00f3b, by ograniczy\u0107 ryzyko utraty kasku podczas upadku z wysoko\u015bci (wytrzyma\u0142o\u015b\u0107 wi\u0119ksza ni\u017c 50 daN). Zgodno\u015b\u0107 z norm\u0105:\u00a0CE, EN 397, EN 12492,\u00a0<span class=\"caps\">ANSI<\/span>\u00a0Z89.1 Type I Class C,\u00a0<span class=\"caps\">EAC<\/span><\/p>\n","protected":false},"excerpt":{"rendered":"<p>Lekki kask z piank\u0105 zapewniaj\u0105c\u0105 komfort produkcji Petzl. Wygodna i komfortowa regulacja. Posiada otwory wentylacyjne oraz boczne szczeliny do montowania<\/p>\n","protected":false},"featured_media":3883,"template":"","meta":[],"product_brand":[],"product_cat":[81],"product_tag":[],"class_list":{"0":"post-759","1":"product","2":"type-product","3":"status-publish","4":"has-post-thumbnail","6":"product_cat-kaski","7":"pa_kolor-bialy","8":"pa_kolor-czarny","9":"pa_kolor-czerwony","10":"pa_kolor-niebieski","11":"pa_kolor-pomaranczowy","12":"pa_kolor-zielony","13":"pa_kolor-zolty","14":"pa_marka-petzl","15":"pa_norma-ansi-z89-1-type-i","16":"pa_norma-ce","17":"pa_norma-eac","18":"pa_norma-en-12492","19":"pa_norma-pn-en-397","21":"first","22":"onbackorder","23":"taxable","24":"shipping-taxable","25":"product-type-variable","26":"has-default-attributes"},"_links":{"self":[{"href":"https:\/\/altosekura.com\/pl\/wp-json\/wp\/v2\/product\/759","targetHints":{"allow":["GET"]}}],"collection":[{"href":"https:\/\/altosekura.com\/pl\/wp-json\/wp\/v2\/product"}],"about":[{"href":"https:\/\/altosekura.com\/pl\/wp-json\/wp\/v2\/types\/product"}],"wp:featuredmedia":[{"embeddable":true,"href":"https:\/\/altosekura.com\/pl\/wp-json\/wp\/v2\/media\/3883"}],"wp:attachment":[{"href":"https:\/\/altosekura.com\/pl\/wp-json\/wp\/v2\/media?parent=759"}],"wp:term":[{"taxonomy":"product_brand","embeddable":true,"href":"https:\/\/altosekura.com\/pl\/wp-json\/wp\/v2\/product_brand?post=759"},{"taxonomy":"product_cat","embeddable":true,"href":"https:\/\/altosekura.com\/pl\/wp-json\/wp\/v2\/product_cat?post=759"},{"taxonomy":"product_tag","embeddable":true,"href":"https:\/\/altosekura.com\/pl\/wp-json\/wp\/v2\/product_tag?post=759"}],"curies":[{"name":"wp","href":"https:\/\/api.w.org\/{rel}","templated":true}]}}