{"id":728,"date":"2024-06-30T13:19:55","date_gmt":"2024-06-30T11:19:55","guid":{"rendered":"https:\/\/altosecura.proadax-dev.pl\/p\/szelki-bezpieczenstwa-profi-worker-3d-standard\/"},"modified":"2026-03-25T11:11:10","modified_gmt":"2026-03-25T10:11:10","slug":"szelki-bezpieczenstwa-profi-worker-3d-standard","status":"publish","type":"product","link":"https:\/\/altosekura.com\/pl\/p\/szelki-bezpieczenstwa-profi-worker-3d-standard\/","title":{"rendered":"PROFI WORKER 3D Standard"},"content":{"rendered":"<p>W pe\u0142ni regulowana uprz\u0105\u017c produkcji Singing Rock umo\u017cliwiaj\u0105ca prac\u0119 w dost\u0119pie linowym, z komfortowym, wy\u015bcie\u0142anym pasem biodrowym, ta\u015bmami udowymi i szelkami. Przeznaczona do pracy w podparciu, w zje\u017adzie, podchodzeniu na linie i ratownictwie. Standardowe klamry Easy-lock umo\u017cliwiaj\u0105 p\u0142ynn\u0105 regulacj\u0119. Komfortowy wy\u015bcie\u0142any pas biodrowy zapewnia maksymaln\u0105 wygod\u0119 nawet podczas d\u0142ugotrwa\u0142ego u\u017cytkowania uprz\u0119\u017cy w zje\u017adzie, czy podparciu roboczym. Zgodno\u015b\u0107 z norm\u0105:\u00a0EN 358, EN 361, EN 813, EN 1497, CE 1019<\/p>\n","protected":false},"excerpt":{"rendered":"<p>W pe\u0142ni regulowana uprz\u0105\u017c produkcji Singing Rock umo\u017cliwiaj\u0105ca prac\u0119 w dost\u0119pie linowym, z komfortowym, wy\u015bcie\u0142anym pasem biodrowym, ta\u015bmami udowymi i<\/p>\n","protected":false},"featured_media":727,"template":"","meta":[],"product_brand":[],"product_cat":[82],"product_tag":[],"class_list":{"0":"post-728","1":"product","2":"type-product","3":"status-publish","4":"has-post-thumbnail","6":"product_cat-uprzeze-szelki-bezpieczenstwa","7":"pa_kolor-czarno-zolty","8":"pa_marka-singing-rock","9":"pa_norma-ce-1019","10":"pa_norma-en-1497","11":"pa_norma-en-358","12":"pa_norma-en-361","13":"pa_norma-pn-en-813","14":"pa_przeznaczenie-ochrona-przed-upadkiem-z-wysokosci","15":"pa_przeznaczenie-praca-w-dostepie-linowym","16":"pa_przeznaczenie-praca-w-podparciu","17":"pa_rozmiar-ml","18":"pa_rozmiar-s","19":"pa_rozmiar-xl","21":"first","22":"instock","23":"taxable","24":"shipping-taxable","25":"product-type-variable"},"_links":{"self":[{"href":"https:\/\/altosekura.com\/pl\/wp-json\/wp\/v2\/product\/728","targetHints":{"allow":["GET"]}}],"collection":[{"href":"https:\/\/altosekura.com\/pl\/wp-json\/wp\/v2\/product"}],"about":[{"href":"https:\/\/altosekura.com\/pl\/wp-json\/wp\/v2\/types\/product"}],"wp:featuredmedia":[{"embeddable":true,"href":"https:\/\/altosekura.com\/pl\/wp-json\/wp\/v2\/media\/727"}],"wp:attachment":[{"href":"https:\/\/altosekura.com\/pl\/wp-json\/wp\/v2\/media?parent=728"}],"wp:term":[{"taxonomy":"product_brand","embeddable":true,"href":"https:\/\/altosekura.com\/pl\/wp-json\/wp\/v2\/product_brand?post=728"},{"taxonomy":"product_cat","embeddable":true,"href":"https:\/\/altosekura.com\/pl\/wp-json\/wp\/v2\/product_cat?post=728"},{"taxonomy":"product_tag","embeddable":true,"href":"https:\/\/altosekura.com\/pl\/wp-json\/wp\/v2\/product_tag?post=728"}],"curies":[{"name":"wp","href":"https:\/\/api.w.org\/{rel}","templated":true}]}}