{"id":709,"date":"2024-06-23T13:19:55","date_gmt":"2024-06-23T11:19:55","guid":{"rendered":"https:\/\/altosecura.proadax-dev.pl\/p\/szelki-bezpieczenstwa-body-ii\/"},"modified":"2026-03-10T15:58:58","modified_gmt":"2026-03-10T14:58:58","slug":"szelki-bezpieczenstwa-body-ii","status":"publish","type":"product","link":"https:\/\/altosekura.com\/pl\/p\/szelki-bezpieczenstwa-body-ii\/","title":{"rendered":"BODY II Standard"},"content":{"rendered":"<p>Regulacja uprz\u0119\u017cy Body II produkcji Singing Rock jest mo\u017cliwa za pomoc\u0105 4 klamer Easy Lock Buckle, dzi\u0119ki kt\u00f3rym dopasujemy d\u0142ugo\u015b\u0107 poszczeg\u00f3lnych pas\u00f3w obejmuj\u0105cych nogi oraz ramiona u\u017cytkownika. Po jednorazowym dostosowaniu, mo\u017cliwe jest szybkie zak\u0142adanie szelek przez tego samego pracownika, dzi\u0119ki pojedynczej automatycznej klamrze Speed Buckle umieszczonej na wysoko\u015bci piersi. Dopasowanie uprz\u0119\u017cy jest \u0142atwe, intuicyjne i bezpieczne. Wszystkie czynno\u015bci mo\u017cna wykona\u0107 nawet w grubych roboczych r\u0119kawicach. Uprz\u0105\u017c zaopatrzono dodatkowo w dwa uchwyty sprz\u0119towe o ud\u017awigu 5 kg. Dzi\u0119ki nim pracownik b\u0119dzie m\u00f3g\u0142 zabezpieczy\u0107 narz\u0119dzia przed upadkiem, wpi\u0105\u0107 worek sprz\u0119towy b\u0105d\u017a zdeponowa\u0107 ekwipunek asekuracyjny w czasie gdy nie jest on u\u017cywany. Uprz\u0105\u017c Body II Standard firmy Singing Rock to idealne rozwi\u0105zanie do zabezpieczenia przed upadkiem z wysoko\u015bci dla pracownik\u00f3w budowlanych, dekarzy oraz os\u00f3b poruszaj\u0105cych si\u0119 po rusztowaniach lub korzystaj\u0105cych z podno\u015bnik\u00f3w koszowych. Zgodno\u015b\u0107 z norm\u0105: CE 1019, EN 361<\/p>\n","protected":false},"excerpt":{"rendered":"<p>Regulacja uprz\u0119\u017cy Body II produkcji Singing Rock jest mo\u017cliwa za pomoc\u0105 4 klamer Easy Lock Buckle, dzi\u0119ki kt\u00f3rym dopasujemy d\u0142ugo\u015b\u0107<\/p>\n","protected":false},"featured_media":710,"template":"","meta":[],"product_brand":[],"product_cat":[82],"product_tag":[],"class_list":{"0":"post-709","1":"product","2":"type-product","3":"status-publish","4":"has-post-thumbnail","6":"product_cat-uprzeze-szelki-bezpieczenstwa","7":"pa_kolor-zolto-szary","8":"pa_marka-singing-rock","9":"pa_norma-ce-1019","10":"pa_norma-en-361","11":"pa_rozmiar-s-m-l","12":"pa_rozmiar-xl","13":"pa_rozmiar-xxxl","15":"first","16":"instock","17":"taxable","18":"shipping-taxable","19":"product-type-variable","20":"has-default-attributes"},"_links":{"self":[{"href":"https:\/\/altosekura.com\/pl\/wp-json\/wp\/v2\/product\/709","targetHints":{"allow":["GET"]}}],"collection":[{"href":"https:\/\/altosekura.com\/pl\/wp-json\/wp\/v2\/product"}],"about":[{"href":"https:\/\/altosekura.com\/pl\/wp-json\/wp\/v2\/types\/product"}],"wp:featuredmedia":[{"embeddable":true,"href":"https:\/\/altosekura.com\/pl\/wp-json\/wp\/v2\/media\/710"}],"wp:attachment":[{"href":"https:\/\/altosekura.com\/pl\/wp-json\/wp\/v2\/media?parent=709"}],"wp:term":[{"taxonomy":"product_brand","embeddable":true,"href":"https:\/\/altosekura.com\/pl\/wp-json\/wp\/v2\/product_brand?post=709"},{"taxonomy":"product_cat","embeddable":true,"href":"https:\/\/altosekura.com\/pl\/wp-json\/wp\/v2\/product_cat?post=709"},{"taxonomy":"product_tag","embeddable":true,"href":"https:\/\/altosekura.com\/pl\/wp-json\/wp\/v2\/product_tag?post=709"}],"curies":[{"name":"wp","href":"https:\/\/api.w.org\/{rel}","templated":true}]}}