{"id":684,"date":"2024-06-25T13:19:43","date_gmt":"2024-06-25T11:19:43","guid":{"rendered":"https:\/\/altosecura.proadax-dev.pl\/p\/grippy\/"},"modified":"2026-03-10T15:59:05","modified_gmt":"2026-03-10T14:59:05","slug":"grippy","status":"publish","type":"product","link":"https:\/\/altosekura.com\/pl\/p\/grippy\/","title":{"rendered":"Grippy"},"content":{"rendered":"<p>R\u0119kawice GRIPPY produkcji Singing Rock to r\u0119kawice robocze z grubej, odpornej na uszkodzenia sk\u00f3ry i posiadaj\u0105 dodatkowe wzmocnienia od strony d\u0142oni. Dzi\u0119ki temu doskonale nadaj\u0105 si\u0119 do ci\u0119\u017ckich prac w niesprzyjaj\u0105cym \u015brodowisku, dobrze chroni\u0105c nasze d\u0142onie. R\u0119kawiczki dobrze dopasowuj\u0105 si\u0119 do kszta\u0142tu d\u0142oni poniewa\u017c s\u0105 dosy\u0107 elastyczne. W dolnej cz\u0119\u015bci znajdziemy praktyczne p\u0119telki umo\u017cliwiaj\u0105ce wpi\u0119cie w karabinek celem zapobiegni\u0119cia zgubieniu. Szeroko\u015b\u0107 mankiet\u00f3w reguluje zapi\u0119cie z rzepa\u00a0Velcro\u00ae.\u00a0Pe\u0142no palczaste, wzmocnione newralgiczne miejsca, odporne na przetarcia. R\u0119kawice GRIPPY, dzi\u0119ki specjalnym p\u0119tlom s\u0105 \u0142atwe do zak\u0142adania. Szyte nici\u0105 kevlarow\u0105. Dost\u0119pne w rozmiarach od 8 do 11.<\/p>\n","protected":false},"excerpt":{"rendered":"<p>R\u0119kawice GRIPPY produkcji Singing Rock to r\u0119kawice robocze z grubej, odpornej na uszkodzenia sk\u00f3ry i posiadaj\u0105 dodatkowe wzmocnienia od strony<\/p>\n","protected":false},"featured_media":685,"template":"","meta":[],"product_brand":[],"product_cat":[79,99],"product_tag":[],"class_list":{"0":"post-684","1":"product","2":"type-product","3":"status-publish","4":"has-post-thumbnail","6":"product_cat-akcesoria","7":"product_cat-wyprzedaz","8":"pa_kolor-czarny","9":"pa_kolor-naturalny-skory","10":"pa_marka-singing-rock","11":"pa_przeznaczenie-arborystyk","12":"pa_przeznaczenie-ratownictwo","13":"pa_przeznaczenie-sluzby-mundurowe","14":"pa_rozmiar-554","15":"pa_rozmiar-555","16":"pa_rozmiar-552","17":"pa_rozmiar-553","19":"first","20":"instock","21":"sale","22":"taxable","23":"shipping-taxable","24":"purchasable","25":"product-type-variable"},"_links":{"self":[{"href":"https:\/\/altosekura.com\/pl\/wp-json\/wp\/v2\/product\/684","targetHints":{"allow":["GET"]}}],"collection":[{"href":"https:\/\/altosekura.com\/pl\/wp-json\/wp\/v2\/product"}],"about":[{"href":"https:\/\/altosekura.com\/pl\/wp-json\/wp\/v2\/types\/product"}],"wp:featuredmedia":[{"embeddable":true,"href":"https:\/\/altosekura.com\/pl\/wp-json\/wp\/v2\/media\/685"}],"wp:attachment":[{"href":"https:\/\/altosekura.com\/pl\/wp-json\/wp\/v2\/media?parent=684"}],"wp:term":[{"taxonomy":"product_brand","embeddable":true,"href":"https:\/\/altosekura.com\/pl\/wp-json\/wp\/v2\/product_brand?post=684"},{"taxonomy":"product_cat","embeddable":true,"href":"https:\/\/altosekura.com\/pl\/wp-json\/wp\/v2\/product_cat?post=684"},{"taxonomy":"product_tag","embeddable":true,"href":"https:\/\/altosekura.com\/pl\/wp-json\/wp\/v2\/product_tag?post=684"}],"curies":[{"name":"wp","href":"https:\/\/api.w.org\/{rel}","templated":true}]}}