{"id":680,"date":"2024-06-28T13:19:43","date_gmt":"2024-06-28T11:19:43","guid":{"rendered":"https:\/\/altosecura.proadax-dev.pl\/p\/static-105\/"},"modified":"2026-03-10T15:59:13","modified_gmt":"2026-03-10T14:59:13","slug":"static-105","status":"publish","type":"product","link":"https:\/\/altosekura.com\/pl\/p\/static-105\/","title":{"rendered":"STATIC 10,5"},"content":{"rendered":"<p>Statyczna lina <span class=\" title=\">produkcji Singing Rock\u00a0<\/span>przeznaczona do prac ratowniczych oraz prac na wysoko\u015bciach. Lina o \u015brednicy 10,5 mm oraz wytrzyma\u0142o\u015bci 30,4 kN. Dost\u0119pne kolory: bia\u0142y, czerwony i czarny. Zgodno\u015b\u0107 z norm\u0105: EN 1891, CE 1019.<\/p>\n","protected":false},"excerpt":{"rendered":"<p>Produkt sprzedawany w metrach<\/p>\n","protected":false},"featured_media":675,"template":"","meta":[],"product_brand":[],"product_cat":[88],"product_tag":[],"class_list":{"0":"post-680","1":"product","2":"type-product","3":"status-publish","4":"has-post-thumbnail","6":"product_cat-liny","7":"pa_kolor-bialy","8":"pa_kolor-czarny","9":"pa_kolor-czerwony","10":"pa_marka-singing-rock","11":"pa_norma-ce-1019","12":"pa_norma-en-1891","13":"pa_srednica-10-5-mm","14":"pa_wytrzymalosc-30-4-kn","16":"first","17":"instock","18":"taxable","19":"shipping-taxable","20":"product-type-variable"},"_links":{"self":[{"href":"https:\/\/altosekura.com\/pl\/wp-json\/wp\/v2\/product\/680","targetHints":{"allow":["GET"]}}],"collection":[{"href":"https:\/\/altosekura.com\/pl\/wp-json\/wp\/v2\/product"}],"about":[{"href":"https:\/\/altosekura.com\/pl\/wp-json\/wp\/v2\/types\/product"}],"wp:featuredmedia":[{"embeddable":true,"href":"https:\/\/altosekura.com\/pl\/wp-json\/wp\/v2\/media\/675"}],"wp:attachment":[{"href":"https:\/\/altosekura.com\/pl\/wp-json\/wp\/v2\/media?parent=680"}],"wp:term":[{"taxonomy":"product_brand","embeddable":true,"href":"https:\/\/altosekura.com\/pl\/wp-json\/wp\/v2\/product_brand?post=680"},{"taxonomy":"product_cat","embeddable":true,"href":"https:\/\/altosekura.com\/pl\/wp-json\/wp\/v2\/product_cat?post=680"},{"taxonomy":"product_tag","embeddable":true,"href":"https:\/\/altosekura.com\/pl\/wp-json\/wp\/v2\/product_tag?post=680"}],"curies":[{"name":"wp","href":"https:\/\/api.w.org\/{rel}","templated":true}]}}