{"id":6781,"date":"2024-06-28T15:24:11","date_gmt":"2024-06-28T13:24:11","guid":{"rendered":"https:\/\/altosekura.com\/?post_type=product&#038;p=6781"},"modified":"2024-11-13T12:16:23","modified_gmt":"2024-11-13T11:16:23","slug":"pise-slupek-z-punktem-kotwienia-dla-urzadzenia-fa-60-033-18","status":"publish","type":"product","link":"https:\/\/altosekura.com\/pl\/p\/pise-slupek-z-punktem-kotwienia-dla-urzadzenia-fa-60-033-18\/","title":{"rendered":"PISE s\u0142upek z punktem kotwienia dla urz\u0105dzenia FA 60 033 18"},"content":{"rendered":"<p>Wytrzyma\u0142o\u015b\u0107 statyczna: 15 kN<\/p>\n<p>Wysoko\u015b\u0107: 0,73 m<\/p>\n<p>Spe\u0142nia: EN 795 Typ B, TS 16415 Typ B<\/p>\n","protected":false},"excerpt":{"rendered":"<p>Wytrzyma\u0142o\u015b\u0107 statyczna: 15 kN Wysoko\u015b\u0107: 0,73 m Spe\u0142nia: EN 795 Typ B, TS 16415 Typ B<\/p>\n","protected":false},"featured_media":6786,"template":"","meta":[],"product_brand":[],"product_cat":[91],"product_tag":[],"class_list":{"0":"post-6781","1":"product","2":"type-product","3":"status-publish","4":"has-post-thumbnail","6":"product_cat-poziome-liny-kotwiczace","7":"pa_marka-kratos","8":"pa_norma-en-795-b","10":"first","11":"onbackorder","12":"sale","13":"taxable","14":"shipping-taxable","15":"purchasable","16":"product-type-simple"},"_links":{"self":[{"href":"https:\/\/altosekura.com\/pl\/wp-json\/wp\/v2\/product\/6781","targetHints":{"allow":["GET"]}}],"collection":[{"href":"https:\/\/altosekura.com\/pl\/wp-json\/wp\/v2\/product"}],"about":[{"href":"https:\/\/altosekura.com\/pl\/wp-json\/wp\/v2\/types\/product"}],"wp:featuredmedia":[{"embeddable":true,"href":"https:\/\/altosekura.com\/pl\/wp-json\/wp\/v2\/media\/6786"}],"wp:attachment":[{"href":"https:\/\/altosekura.com\/pl\/wp-json\/wp\/v2\/media?parent=6781"}],"wp:term":[{"taxonomy":"product_brand","embeddable":true,"href":"https:\/\/altosekura.com\/pl\/wp-json\/wp\/v2\/product_brand?post=6781"},{"taxonomy":"product_cat","embeddable":true,"href":"https:\/\/altosekura.com\/pl\/wp-json\/wp\/v2\/product_cat?post=6781"},{"taxonomy":"product_tag","embeddable":true,"href":"https:\/\/altosekura.com\/pl\/wp-json\/wp\/v2\/product_tag?post=6781"}],"curies":[{"name":"wp","href":"https:\/\/api.w.org\/{rel}","templated":true}]}}