{"id":6774,"date":"2024-06-29T15:15:05","date_gmt":"2024-06-29T13:15:05","guid":{"rendered":"https:\/\/altosekura.com\/?post_type=product&#038;p=6774"},"modified":"2024-11-13T11:36:21","modified_gmt":"2024-11-13T10:36:21","slug":"cool-line-1-poreczowka-bebnowa-z-liny-stalowej-galwanizowanej-6mm-lifeline","status":"publish","type":"product","link":"https:\/\/altosekura.com\/pl\/p\/cool-line-1-poreczowka-bebnowa-z-liny-stalowej-galwanizowanej-6mm-lifeline\/","title":{"rendered":"COOL LINE 1 Por\u0119cz\u00f3wka b\u0119bnowa z liny stalowej galwanizowanej 6mm &#8222;lifeline&#8221;"},"content":{"rendered":"<p>Zapewnia ci\u0105g\u0142e zakotwiczenie pracownikom dzia\u0142aj\u0105cym na p\u0142aszczyznach poziomych, takich jak dachy, podwy\u017cszone platformy itp.<\/p>\n<p>Wci\u0105gana pozioma lina stalowa, max. d\u0142ugo\u015b\u0107 18 m, \u0142atwa w monta\u017cu, lekka, gotowy do u\u017cycia.<\/p>\n<p>Szybki demonta\u017c i ponowny monta\u017c na nowej stronie dzi\u0119ki wbudowanej wyci\u0105garce.<\/p>\n<p>Trwa\u0142e i wytrzyma\u0142e obudowy polimerowe z uchwytem do przenoszenia ze wska\u017anikiem napr\u0119\u017cenia.<\/p>\n<p>Wbudowany mechanizm poch\u0142aniania wstrz\u0105s\u00f3w w celu ograniczenia si\u0142 uderzenia podczas zatrzymania upadku.<\/p>\n<p>Kabel ma obrotowy kr\u0119tlik, aby unikn\u0105\u0107 skr\u0119cenia liny, oraz wska\u017anik uderzenia.<\/p>\n<p>Mo\u017ce by\u0107 jednocze\u015bnie u\u017cywany przez 1 lub 2 osoby.<\/p>\n","protected":false},"excerpt":{"rendered":"<p>Zapewnia ci\u0105g\u0142e zakotwiczenie pracownikom dzia\u0142aj\u0105cym na p\u0142aszczyznach poziomych, takich jak dachy, podwy\u017cszone platformy itp. Wci\u0105gana pozioma lina stalowa, max. d\u0142ugo\u015b\u0107<\/p>\n","protected":false},"featured_media":6775,"template":"","meta":[],"product_brand":[],"product_cat":[91],"product_tag":[],"class_list":{"0":"post-6774","1":"product","2":"type-product","3":"status-publish","4":"has-post-thumbnail","6":"product_cat-poziome-liny-kotwiczace","7":"pa_marka-kratos","8":"pa_norma-en-7952012-c","10":"first","11":"onbackorder","12":"sale","13":"taxable","14":"shipping-taxable","15":"purchasable","16":"product-type-simple"},"_links":{"self":[{"href":"https:\/\/altosekura.com\/pl\/wp-json\/wp\/v2\/product\/6774","targetHints":{"allow":["GET"]}}],"collection":[{"href":"https:\/\/altosekura.com\/pl\/wp-json\/wp\/v2\/product"}],"about":[{"href":"https:\/\/altosekura.com\/pl\/wp-json\/wp\/v2\/types\/product"}],"wp:featuredmedia":[{"embeddable":true,"href":"https:\/\/altosekura.com\/pl\/wp-json\/wp\/v2\/media\/6775"}],"wp:attachment":[{"href":"https:\/\/altosekura.com\/pl\/wp-json\/wp\/v2\/media?parent=6774"}],"wp:term":[{"taxonomy":"product_brand","embeddable":true,"href":"https:\/\/altosekura.com\/pl\/wp-json\/wp\/v2\/product_brand?post=6774"},{"taxonomy":"product_cat","embeddable":true,"href":"https:\/\/altosekura.com\/pl\/wp-json\/wp\/v2\/product_cat?post=6774"},{"taxonomy":"product_tag","embeddable":true,"href":"https:\/\/altosekura.com\/pl\/wp-json\/wp\/v2\/product_tag?post=6774"}],"curies":[{"name":"wp","href":"https:\/\/api.w.org\/{rel}","templated":true}]}}