{"id":672,"date":"2024-06-29T13:19:43","date_gmt":"2024-06-29T11:19:43","guid":{"rendered":"https:\/\/altosecura.proadax-dev.pl\/p\/contra-105-biala\/"},"modified":"2026-03-10T15:58:58","modified_gmt":"2026-03-10T14:58:58","slug":"contra-105-biala","status":"publish","type":"product","link":"https:\/\/altosekura.com\/pl\/p\/contra-105-biala\/","title":{"rendered":"CONTRA 10,5 bia\u0142a"},"content":{"rendered":"<p>Lina statyczna <span class=\" title=\">produkcji Singing Rock\u00a0<\/span>przeznaczona do wszelkich zastosowa\u0144. Lina o \u015brednicy 10,5 mm oraz wytrzyma\u0142o\u015bci 30.4 kN. Zgodno\u015b\u0107 z norm\u0105: EN 1891 A<\/p>\n","protected":false},"excerpt":{"rendered":"<p>Produkt sprzedawany w metrach<\/p>\n","protected":false},"featured_media":673,"template":"","meta":[],"product_brand":[],"product_cat":[88],"product_tag":[],"class_list":{"0":"post-672","1":"product","2":"type-product","3":"status-publish","4":"has-post-thumbnail","6":"product_cat-liny","7":"pa_kolor-bialy","8":"pa_marka-singing-rock","9":"pa_srednica-10-5-mm","10":"pa_wytrzymalosc-30-4-kn","12":"first","13":"instock","14":"taxable","15":"shipping-taxable","16":"purchasable","17":"product-type-simple"},"_links":{"self":[{"href":"https:\/\/altosekura.com\/pl\/wp-json\/wp\/v2\/product\/672","targetHints":{"allow":["GET"]}}],"collection":[{"href":"https:\/\/altosekura.com\/pl\/wp-json\/wp\/v2\/product"}],"about":[{"href":"https:\/\/altosekura.com\/pl\/wp-json\/wp\/v2\/types\/product"}],"wp:featuredmedia":[{"embeddable":true,"href":"https:\/\/altosekura.com\/pl\/wp-json\/wp\/v2\/media\/673"}],"wp:attachment":[{"href":"https:\/\/altosekura.com\/pl\/wp-json\/wp\/v2\/media?parent=672"}],"wp:term":[{"taxonomy":"product_brand","embeddable":true,"href":"https:\/\/altosekura.com\/pl\/wp-json\/wp\/v2\/product_brand?post=672"},{"taxonomy":"product_cat","embeddable":true,"href":"https:\/\/altosekura.com\/pl\/wp-json\/wp\/v2\/product_cat?post=672"},{"taxonomy":"product_tag","embeddable":true,"href":"https:\/\/altosekura.com\/pl\/wp-json\/wp\/v2\/product_tag?post=672"}],"curies":[{"name":"wp","href":"https:\/\/api.w.org\/{rel}","templated":true}]}}