{"id":666,"date":"2024-06-13T13:19:43","date_gmt":"2024-06-13T11:19:43","guid":{"rendered":"https:\/\/altosecura.proadax-dev.pl\/p\/accessory-cord-6-mm\/"},"modified":"2026-03-10T15:58:56","modified_gmt":"2026-03-10T14:58:56","slug":"accessory-cord-6-mm","status":"publish","type":"product","link":"https:\/\/altosekura.com\/pl\/p\/accessory-cord-6-mm\/","title":{"rendered":"Accessory Cord 6 mm"},"content":{"rendered":"<p>Repsznury <span class=\" title=\">produkcji Singing Rock\u00a0<\/span>do wszelkiego zastosowania s\u0105 mocne, wygodne w u\u017cyciu oraz \u0142atwo wi\u0105\u017ce si\u0119 na nich w\u0119z\u0142y. \u015arednica 6 mm, wytrzyma\u0142o\u015b\u0107 9 kN. Zgodno\u015b\u0107 z norm\u0105: EN 564<\/p>\n","protected":false},"excerpt":{"rendered":"<p>Produkt sprzedawany w metrach<\/p>\n","protected":false},"featured_media":667,"template":"","meta":[],"product_brand":[],"product_cat":[79],"product_tag":[],"class_list":{"0":"post-666","1":"product","2":"type-product","3":"status-publish","4":"has-post-thumbnail","6":"product_cat-akcesoria","7":"pa_marka-singing-rock","8":"pa_norma-en-564","9":"pa_srednica-6-mm","10":"pa_wytrzymalosc-9-kn","12":"first","13":"instock","14":"taxable","15":"shipping-taxable","16":"purchasable","17":"product-type-simple"},"_links":{"self":[{"href":"https:\/\/altosekura.com\/pl\/wp-json\/wp\/v2\/product\/666","targetHints":{"allow":["GET"]}}],"collection":[{"href":"https:\/\/altosekura.com\/pl\/wp-json\/wp\/v2\/product"}],"about":[{"href":"https:\/\/altosekura.com\/pl\/wp-json\/wp\/v2\/types\/product"}],"wp:featuredmedia":[{"embeddable":true,"href":"https:\/\/altosekura.com\/pl\/wp-json\/wp\/v2\/media\/667"}],"wp:attachment":[{"href":"https:\/\/altosekura.com\/pl\/wp-json\/wp\/v2\/media?parent=666"}],"wp:term":[{"taxonomy":"product_brand","embeddable":true,"href":"https:\/\/altosekura.com\/pl\/wp-json\/wp\/v2\/product_brand?post=666"},{"taxonomy":"product_cat","embeddable":true,"href":"https:\/\/altosekura.com\/pl\/wp-json\/wp\/v2\/product_cat?post=666"},{"taxonomy":"product_tag","embeddable":true,"href":"https:\/\/altosekura.com\/pl\/wp-json\/wp\/v2\/product_tag?post=666"}],"curies":[{"name":"wp","href":"https:\/\/api.w.org\/{rel}","templated":true}]}}