{"id":662,"date":"2024-06-14T13:19:43","date_gmt":"2024-06-14T11:19:43","guid":{"rendered":"https:\/\/altosecura.proadax-dev.pl\/p\/accessory-cord-4-mm\/"},"modified":"2026-03-10T15:58:56","modified_gmt":"2026-03-10T14:58:56","slug":"accessory-cord-4-mm","status":"publish","type":"product","link":"https:\/\/altosekura.com\/pl\/p\/accessory-cord-4-mm\/","title":{"rendered":"Accessory Cord 4 mm"},"content":{"rendered":"<p>Repsznury <span class=\" title=\">produkcji Singing Rock\u00a0<\/span>do wszelkiego zastosowania s\u0105 mocne, wygodne w u\u017cyciu oraz \u0142atwo wi\u0105\u017ce si\u0119 na nich w\u0119z\u0142y. \u015arednica 4 mm, wytrzyma\u0142o\u015b\u0107 3.2 kN. Zgodno\u015b\u0107 z norm\u0105: EN 564<\/p>\n","protected":false},"excerpt":{"rendered":"<p>Produkt sprzedawany w metrach<\/p>\n","protected":false},"featured_media":663,"template":"","meta":[],"product_brand":[],"product_cat":[79],"product_tag":[],"class_list":{"0":"post-662","1":"product","2":"type-product","3":"status-publish","4":"has-post-thumbnail","6":"product_cat-akcesoria","7":"pa_kolor-niebieski-antracyt","8":"pa_marka-singing-rock","9":"pa_norma-en-564","10":"pa_srednica-4-mm","11":"pa_wytrzymalosc-3-2-kn","13":"first","14":"instock","15":"taxable","16":"shipping-taxable","17":"purchasable","18":"product-type-simple"},"_links":{"self":[{"href":"https:\/\/altosekura.com\/pl\/wp-json\/wp\/v2\/product\/662","targetHints":{"allow":["GET"]}}],"collection":[{"href":"https:\/\/altosekura.com\/pl\/wp-json\/wp\/v2\/product"}],"about":[{"href":"https:\/\/altosekura.com\/pl\/wp-json\/wp\/v2\/types\/product"}],"wp:featuredmedia":[{"embeddable":true,"href":"https:\/\/altosekura.com\/pl\/wp-json\/wp\/v2\/media\/663"}],"wp:attachment":[{"href":"https:\/\/altosekura.com\/pl\/wp-json\/wp\/v2\/media?parent=662"}],"wp:term":[{"taxonomy":"product_brand","embeddable":true,"href":"https:\/\/altosekura.com\/pl\/wp-json\/wp\/v2\/product_brand?post=662"},{"taxonomy":"product_cat","embeddable":true,"href":"https:\/\/altosekura.com\/pl\/wp-json\/wp\/v2\/product_cat?post=662"},{"taxonomy":"product_tag","embeddable":true,"href":"https:\/\/altosekura.com\/pl\/wp-json\/wp\/v2\/product_tag?post=662"}],"curies":[{"name":"wp","href":"https:\/\/api.w.org\/{rel}","templated":true}]}}