{"id":590,"date":"2024-06-23T13:19:04","date_gmt":"2024-06-23T11:19:04","guid":{"rendered":"https:\/\/altosecura.proadax-dev.pl\/p\/red\/"},"modified":"2026-03-10T15:59:10","modified_gmt":"2026-03-10T14:59:10","slug":"red","status":"publish","type":"product","link":"https:\/\/altosekura.com\/pl\/p\/red\/","title":{"rendered":"RED"},"content":{"rendered":"<p>Urz\u0105dzenie samozaciskowe do dost\u0119pu linowego, nadaje si\u0119 do ratownictwa dla dw\u00f3ch os\u00f3b. \u015arednica lin 10,5-11 mm. Przymocowany na sta\u0142e sznureczek. Zgodno\u015b\u0107 z norm\u0105: PN-EN 12841<\/p>\n","protected":false},"excerpt":{"rendered":"<p>Urz\u0105dzenie samozaciskowe do dost\u0119pu linowego, nadaje si\u0119 do ratownictwa dla dw\u00f3ch os\u00f3b. \u015arednica lin 10,5-11 mm. Przymocowany na sta\u0142e sznureczek.<\/p>\n","protected":false},"featured_media":3817,"template":"","meta":[],"product_brand":[],"product_cat":[96,99],"product_tag":[],"class_list":{"0":"post-590","1":"product","2":"type-product","3":"status-publish","4":"has-post-thumbnail","6":"product_cat-urzadzenia-asekuracyjne","7":"product_cat-wyprzedaz","8":"pa_kolor-czerwony","9":"pa_marka-isc","10":"pa_norma-pn-en-12841","11":"pa_przeznaczenie-praca-w-dostepie-linowym","12":"pa_przeznaczenie-ratownictwo","13":"pa_srednica-lin-mm-105-11","15":"first","16":"instock","17":"sale","18":"taxable","19":"shipping-taxable","20":"purchasable","21":"product-type-simple"},"_links":{"self":[{"href":"https:\/\/altosekura.com\/pl\/wp-json\/wp\/v2\/product\/590","targetHints":{"allow":["GET"]}}],"collection":[{"href":"https:\/\/altosekura.com\/pl\/wp-json\/wp\/v2\/product"}],"about":[{"href":"https:\/\/altosekura.com\/pl\/wp-json\/wp\/v2\/types\/product"}],"wp:featuredmedia":[{"embeddable":true,"href":"https:\/\/altosekura.com\/pl\/wp-json\/wp\/v2\/media\/3817"}],"wp:attachment":[{"href":"https:\/\/altosekura.com\/pl\/wp-json\/wp\/v2\/media?parent=590"}],"wp:term":[{"taxonomy":"product_brand","embeddable":true,"href":"https:\/\/altosekura.com\/pl\/wp-json\/wp\/v2\/product_brand?post=590"},{"taxonomy":"product_cat","embeddable":true,"href":"https:\/\/altosekura.com\/pl\/wp-json\/wp\/v2\/product_cat?post=590"},{"taxonomy":"product_tag","embeddable":true,"href":"https:\/\/altosekura.com\/pl\/wp-json\/wp\/v2\/product_tag?post=590"}],"curies":[{"name":"wp","href":"https:\/\/api.w.org\/{rel}","templated":true}]}}